{"id":2967,"date":"2019-10-09T14:42:20","date_gmt":"2019-10-09T17:42:20","guid":{"rendered":"https:\/\/impulsoautomacao.com.br\/site\/?post_type=product&#038;p=2967"},"modified":"2019-10-09T14:43:01","modified_gmt":"2019-10-09T17:43:01","slug":"leitor-de-codigo-de-barras-bematech","status":"publish","type":"product","link":"https:\/\/www.impulsoautomacao.com.br\/site\/produto\/leitor-de-codigo-de-barras-bematech\/","title":{"rendered":"Leitor de C\u00f3digo de Barras Bematech"},"content":{"rendered":"<p>Direcionado para auxiliar a \u00e1rea administrativa e agilizar o atendimento no balc\u00e3o, o modelo S-100 \u00e9 compacto, de baixo custo e com acionamento por gatilho. Possui a vers\u00e3o S-100 Plus, que conta com um pedestal, melhorando a apresenta\u00e7\u00e3o no checkout.<\/p>\n<p><strong>Dura mais e l\u00ea em menos tempo:\u00a0<\/strong>Suporta quedas de at\u00e9 1,5 metros, o que o torna muito resistente. Capaz de efetuar 100 leituras de c\u00f3digos por segundo, a uma distancia de 20 cm do c\u00f3digo de barras.<\/p>\n<p><strong>Digita\u00e7\u00e3o sem erro:\u00a0<\/strong>Desenhado para o uso em balc\u00f5es de varejo e checkouts com pequeno e m\u00e9dio volume de mercadoria, eliminando os erros de digita\u00e7\u00e3o.<\/p>\n<p><strong>Apoio financeiro:<\/strong>\u00a0Formatado para ler e transmitir o c\u00f3digo Febraban dos boletos banc\u00e1rios, agilizando o pagamento de t\u00edtulos nos Internet Banks.<\/p>\n<p><strong>Especifica\u00e7\u00f5es:<\/strong><\/p>\n<ul>\n<li>Tipo: Port\u00e1til<\/li>\n<li>Tecnologia: Linear Laser<\/li>\n<li>Fonte de Luz: Diodo de Luz de 650nm<\/li>\n<li>Velocidade de Leitura: 100 leituras por segundo<\/li>\n<li>Profundidade do campo (Dist\u00e2ncia de Leitura): 10 ~ 220mm<\/li>\n<li>\u00c2ngulo de Leitura: 42\u00baC<\/li>\n<li>Resolu\u00e7\u00e3o: 5 mil<\/li>\n<li>Contraste de Impress\u00e3o: 40% @ UPC\/EAN 100%<\/li>\n<li>Indicadores sonoros: Sinal sonoro com ajuste de volume e tempo<\/li>\n<li>Indicadores de LED: Azul<\/li>\n<li>Opera\u00e7\u00f5es Program\u00e1veis: Tom, volume e tempo de dura\u00e7\u00e3o do bipe, modo de leitura do bot\u00e3o gatilho, tipo de t\u00e9rmino de mensagem, tipo de idioma, configura\u00e7\u00f5es do teclado<\/li>\n<li>Formato de imagem: N\u00e3o aplic\u00e1vel<\/li>\n<li>Resolu\u00e7\u00e3o Sistema \u00d3tico: N\u00e3o aplic\u00e1vel<\/li>\n<li>Interfaces: USB (PS2 opcional)<\/li>\n<li>Tipos de c\u00f3digos de barras reconhecidos: C\u00f3digos lineares 1D, incluindo o FEBRABAN (Boletos banc\u00e1rios), UPC\/EAN\/JAN, UPC-A, UPC-E, EAN-8, EAN-13, EAN-128, JAN-8, JAN-13, Code 39, Code 93, Code 128, Code 32, Code 11, Codabar, IATA Code, MSI\/Plessy, ISBN\/ISSN, Interleaved 2- 5 Industrial 2-5, ITF 2-5 Addendum, Standard 2-5, Matrix 2-5, RSS 14, RSS Limited, RSS Expanded, GS1 DataBar, GS1 DataBar Limited, GS1 DataBar Expanded, China Postal Code,\u00a0 JAP,Telepen e FEBRABAN<\/li>\n<li>Garantia: 24 meses (O cabo tem garantia de 3 meses)<\/li>\n<li>Certifica\u00e7\u00f5es: CE e FCC Part 15 (principais)<\/li>\n<\/ul>\n<p><strong>F\u00edsico<\/strong><\/p>\n<ul>\n<li>Dimens\u00f5es: 152,3 x 64,4 x 32,4 mm<\/li>\n<li>Peso: 150g<\/li>\n<li>Cabo: 2 m (esticado)<\/li>\n<\/ul>\n<p><strong>El\u00e9trico<\/strong><\/p>\n<ul>\n<li>Alimenta\u00e7\u00e3o de Entrada: + 5V +\/- 5%<\/li>\n<li>Pot\u00eancia de Opera\u00e7\u00e3o (T\u00edpico): 120 mA<\/li>\n<\/ul>\n<p><strong>Ambiental<\/strong><\/p>\n<ul>\n<li>Temperatura de Opera\u00e7\u00e3o: 0\u00baC a 50\u00baC<\/li>\n<li>Temperatura de Armazenamento: -20\u00baC a 60\u00ba<\/li>\n<li>Umidade: 5% a 95% (sem condensa\u00e7\u00e3o)<\/li>\n<li>Choque\/Queda: at\u00e9 1,5 m<\/li>\n<li>N\u00edvel de Luz: 4.500 Lux (fluorescente)<\/li>\n<\/ul>\n","protected":false},"excerpt":{"rendered":"Direcionado para auxiliar a \u00e1rea administrativa e agilizar o atendimento no balc\u00e3o, o modelo S-100 \u00e9 compacto, de baixo custo e com acionamento por gatilho. Possui a vers\u00e3o S-100 Plus, que conta com um pedestal, melhorando a apresenta\u00e7\u00e3o no checkout.","protected":false},"featured_media":2968,"template":"","meta":[],"yst_prominent_words":[],"_links":{"self":[{"href":"https:\/\/www.impulsoautomacao.com.br\/site\/wp-json\/wp\/v2\/product\/2967"}],"collection":[{"href":"https:\/\/www.impulsoautomacao.com.br\/site\/wp-json\/wp\/v2\/product"}],"about":[{"href":"https:\/\/www.impulsoautomacao.com.br\/site\/wp-json\/wp\/v2\/types\/product"}],"wp:featuredmedia":[{"embeddable":true,"href":"https:\/\/www.impulsoautomacao.com.br\/site\/wp-json\/wp\/v2\/media\/2968"}],"wp:attachment":[{"href":"https:\/\/www.impulsoautomacao.com.br\/site\/wp-json\/wp\/v2\/media?parent=2967"}],"wp:term":[{"taxonomy":"yst_prominent_words","embeddable":true,"href":"https:\/\/www.impulsoautomacao.com.br\/site\/wp-json\/wp\/v2\/yst_prominent_words?post=2967"}],"curies":[{"name":"wp","href":"https:\/\/api.w.org\/{rel}","templated":true}]}}