{"id":2965,"date":"2019-10-09T14:39:21","date_gmt":"2019-10-09T17:39:21","guid":{"rendered":"https:\/\/impulsoautomacao.com.br\/site\/?post_type=product&#038;p=2965"},"modified":"2019-10-09T14:44:09","modified_gmt":"2019-10-09T17:44:09","slug":"leitor-de-codigo-de-barras-tanca-tl-120","status":"publish","type":"product","link":"https:\/\/www.impulsoautomacao.com.br\/site\/produto\/leitor-de-codigo-de-barras-tanca-tl-120\/","title":{"rendered":"Leitor de C\u00f3digo de Barras Tanca"},"content":{"rendered":"<p>O leitor de c\u00f3digo de barras TL-120 da Tanca \u00e9 ideal para o micro e pequeno varejo, tem um design altamente ergon\u00f4mico e vers\u00e1til, al\u00e9m de ser muito confort\u00e1vel e leve, e possui resist\u00eancia e agilidade no checkout. Com velocidade de 300 leituras por segundo, ele ainda consegue realizar a leitura dos c\u00f3digos de barras 1D mais comuns do mercado, ele facilita a leitura dos c\u00f3digos de barras dos produtos com maior rapidez e precis\u00e3o. Deixa a seguran\u00e7a em alta, pois conta com um LED indicador de leitura, que confirma a realiza\u00e7\u00e3o de leitura dos c\u00f3digos de barras.<\/p>\n<p><strong>Especifica\u00e7\u00f5es<\/strong><\/p>\n<ul>\n<li>Interface: USB<\/li>\n<li>Tipo de leitor: Linear image CCD<\/li>\n<li>Contraste m\u00ednimo de impress\u00e3o: 10%<\/li>\n<li>Indicador de leitura: Beep e LED<\/li>\n<li>Modo de leitura: Manual, autom\u00e1tico e cont\u00ednuo<\/li>\n<li>Velocidade de leitura: 300 leituras por segundo<\/li>\n<li>Ideal para ler: c\u00f3digos de barras 1D, DANFE, faturas e boletos banc\u00e1rios<\/li>\n<li>Resist\u00eancia a queda: 1,5m<\/li>\n<li>Dimens\u00f5es: 68mm x 170mm x 98mm (Largura, Altura, Profundidade)<\/li>\n<li>Peso: 150g<\/li>\n<\/ul>\n<p><strong>*Necessita baixar o software dispon\u00edvel no site da Tanca para realizar leitura de Febraban. O Software funciona somente com o Microsoft Windows*<\/strong><\/p>\n","protected":false},"excerpt":{"rendered":"O leitor de c\u00f3digo de barras TL-120 da Tanca \u00e9 ideal para o micro e pequeno varejo, tem um design altamente ergon\u00f4mico e vers\u00e1til, al\u00e9m de ser muito confort\u00e1vel e leve, e possui resist\u00eancia e agilidade no checkout","protected":false},"featured_media":2966,"template":"","meta":[],"yst_prominent_words":[],"_links":{"self":[{"href":"https:\/\/www.impulsoautomacao.com.br\/site\/wp-json\/wp\/v2\/product\/2965"}],"collection":[{"href":"https:\/\/www.impulsoautomacao.com.br\/site\/wp-json\/wp\/v2\/product"}],"about":[{"href":"https:\/\/www.impulsoautomacao.com.br\/site\/wp-json\/wp\/v2\/types\/product"}],"wp:featuredmedia":[{"embeddable":true,"href":"https:\/\/www.impulsoautomacao.com.br\/site\/wp-json\/wp\/v2\/media\/2966"}],"wp:attachment":[{"href":"https:\/\/www.impulsoautomacao.com.br\/site\/wp-json\/wp\/v2\/media?parent=2965"}],"wp:term":[{"taxonomy":"yst_prominent_words","embeddable":true,"href":"https:\/\/www.impulsoautomacao.com.br\/site\/wp-json\/wp\/v2\/yst_prominent_words?post=2965"}],"curies":[{"name":"wp","href":"https:\/\/api.w.org\/{rel}","templated":true}]}}