{"id":2963,"date":"2019-10-09T09:29:52","date_gmt":"2019-10-09T12:29:52","guid":{"rendered":"https:\/\/impulsoautomacao.com.br\/site\/?post_type=product&#038;p=2963"},"modified":"2019-10-09T09:30:26","modified_gmt":"2019-10-09T12:30:26","slug":"impressora-termica-nao-fiscal-bematech","status":"publish","type":"product","link":"https:\/\/www.impulsoautomacao.com.br\/site\/produto\/impressora-termica-nao-fiscal-bematech\/","title":{"rendered":"Impressora N\u00e3o Fiscal Bematech"},"content":{"rendered":"<p>Sendo a evolu\u00e7\u00e3o das impressoras t\u00e9rmicas, a MP-4200 TH atende a todos os segmentos do varejo que possuem grande volume de impress\u00e3o. Otimizando o processo de atendimento ao cliente, atrav\u00e9s do seu desempenho e qualidade.<\/p>\n<p><strong>Disponibilidade de uso:<\/strong>\u00a0Conta com o sistema ERS (Easy Recovery System), onde problemas de atolamento de papel, s\u00e3o resolvidos com um simples abrir da tampa do equipamento.<\/p>\n<p><strong>Rapidez e agilidade de impress\u00e3o:<\/strong>\u00a0Imprime textos e gr\u00e1ficos a uma alta velocidade (250 mm\/s) e com alta qualidade.<\/p>\n<p><strong>Otimize o seu atendimento:<\/strong>\u00a0Independente do segmento de atua\u00e7\u00e3o, voc\u00ea tornar\u00e1 o processo de atendimento ao cliente muito mais r\u00e1pido e eficiente.<\/p>\n<p><strong>Mecanismo e m\u00f3dulo eletr\u00f4nico independentes:<\/strong>\u00a0Conta com um exclusivo sistema de modularidade, onde o mecanismo de impress\u00e3o \u00e9 independente do m\u00f3dulo eletr\u00f4nico, o que permite trocas individuais, sem a necessidade de retirar o equipamento do local, possibilitando assim ter um mecanismo de impress\u00e3o de back-up, sem interrup\u00e7\u00f5es na opera\u00e7\u00e3o em caso de problemas ou necessidade de manuten\u00e7\u00e3o.<\/p>\n<p><strong>Efici\u00eancia e flexibilidade:<\/strong>\u00a0Composta por uma interface padr\u00e3o USB, o que permite uma segunda interface opcional, podendo ser uma das seguintes op\u00e7\u00f5es: Serial DB-9 RS-232.<\/p>\n<p>NOTA: O m\u00f3dulo eletr\u00f4nico da MP-4200 TH n\u00e3o \u00e9 compat\u00edvel com o mecanismo da MP-4000 TH FI e da MP-4000 TH.<\/p>\n<p>O que permite ao usu\u00e1rio o acompanhamento da tecnologia com uma simples troca da porta de comunica\u00e7\u00e3o.<\/p>\n<p><strong>Itens:<\/strong><\/p>\n<ul>\n<li>1 Fonte de alimenta\u00e7\u00e3o<\/li>\n<li>1 Cabo de for\u00e7a<\/li>\n<li>1 Cabo de comunica\u00e7\u00e3o<\/li>\n<li>1 Guia de uso r\u00e1pido<\/li>\n<\/ul>\n<p><strong>Caracter\u00edsticas F\u00edsicas:<\/strong><\/p>\n<ul>\n<li>Altura: 146 mm<\/li>\n<li>Largura: 150 mm<\/li>\n<li>Profundidade: 218 mm<\/li>\n<li>Massa: 1,2 Kg<\/li>\n<li>Cor: Preta<\/li>\n<\/ul>\n<p><strong>Condi\u00e7\u00f5es Ambientais:<\/strong><\/p>\n<ul>\n<li>Temperatura de opera\u00e7\u00e3o: 0 a 40\u00baC<\/li>\n<li>Umidade de opera\u00e7\u00e3o: 10 a 90%<\/li>\n<\/ul>\n<p><strong>Dimens\u00f5es do Papel:<\/strong><\/p>\n<ul>\n<li>Largura: 58 a 82,5 mm<\/li>\n<li>Di\u00e2metro externo: 102 mm<\/li>\n<li>Espessura: 56 a 107 \u00b5m<\/li>\n<\/ul>\n<p><strong>Especifica\u00e7\u00f5es:<\/strong><\/p>\n<ul>\n<li>Velocidade de impress\u00e3o: 250 mm\/s<\/li>\n<li>Velocidade de avan\u00e7o de papel: 52 lps<\/li>\n<li>N\u00ba de caracteres por linha: 24, 32, 48 ,64, ou 21,28, 42, 56<\/li>\n<li>Guilhotina: vida \u00fatil: 2 milh\u00f5es de cortes<\/li>\n<li>Interface de comunica\u00e7\u00e3o: Interface Padr\u00e3o: USB<\/li>\n<li>Alimenta\u00e7\u00e3o: 100 a 240 VAC (externa) @ 50 a 60 Hz<\/li>\n<li>Tabela de caracteres: CODE 437, CODE 850, CODE 858, CODE 860, CODE 862, CODE 864, CODE 866, QR Code<\/li>\n<li>M\u00e9todo de impress\u00e3o: T\u00e9rmico<\/li>\n<li>Modo de impress\u00e3o: Normal, expandido na horizontal, expandido na vertical, expandido na vertical e horizontal, enfatizado, it\u00e1lico, invertido, negrito, sublinhado, sobrescrito, subscrito.<\/li>\n<li>Drivers e softwares: Windows 95 \/ 98 \/ ME, NT 4.0, Windows2000, Windows XP \/ Vista \/ 7, JAVAPOS, OPOS, DLL (Windows) \/ SO (Linux) \/ Driver de Spooler<\/li>\n<li>Sensores: Fim de papel, pr\u00f3ximo do fim de papel, tampa aberta, Temperatura da Cabe\u00e7a de Impress\u00e3o<\/li>\n<li>Vida \u00fatil do mecanismo de impress\u00e3o: 200Km<\/li>\n<li>Acionamento de gaveta: 1 conector RJ12 com capacidade de conex\u00e3o de 2 gavetas<\/li>\n<li>Troca de Bobina: Easy load<\/li>\n<\/ul>\n","protected":false},"excerpt":{"rendered":"Sendo a evolu\u00e7\u00e3o das impressoras t\u00e9rmicas, a MP-4200 TH atende a todos os segmentos do varejo que possuem grande volume de impress\u00e3o. Otimizando o processo de atendimento ao cliente, atrav\u00e9s do seu desempenho e qualidade.","protected":false},"featured_media":2964,"template":"","meta":[],"yst_prominent_words":[],"_links":{"self":[{"href":"https:\/\/www.impulsoautomacao.com.br\/site\/wp-json\/wp\/v2\/product\/2963"}],"collection":[{"href":"https:\/\/www.impulsoautomacao.com.br\/site\/wp-json\/wp\/v2\/product"}],"about":[{"href":"https:\/\/www.impulsoautomacao.com.br\/site\/wp-json\/wp\/v2\/types\/product"}],"wp:featuredmedia":[{"embeddable":true,"href":"https:\/\/www.impulsoautomacao.com.br\/site\/wp-json\/wp\/v2\/media\/2964"}],"wp:attachment":[{"href":"https:\/\/www.impulsoautomacao.com.br\/site\/wp-json\/wp\/v2\/media?parent=2963"}],"wp:term":[{"taxonomy":"yst_prominent_words","embeddable":true,"href":"https:\/\/www.impulsoautomacao.com.br\/site\/wp-json\/wp\/v2\/yst_prominent_words?post=2963"}],"curies":[{"name":"wp","href":"https:\/\/api.w.org\/{rel}","templated":true}]}}