{"id":2958,"date":"2019-10-09T08:57:10","date_gmt":"2019-10-09T11:57:10","guid":{"rendered":"https:\/\/impulsoautomacao.com.br\/site\/?post_type=product&#038;p=2958"},"modified":"2019-10-09T08:59:26","modified_gmt":"2019-10-09T11:59:26","slug":"balanca-urano-pop-z-20kg","status":"publish","type":"product","link":"https:\/\/www.impulsoautomacao.com.br\/site\/produto\/balanca-urano-pop-z-20kg\/","title":{"rendered":"Balan\u00e7a Urano POP-Z 20Kg"},"content":{"rendered":"<p>Este equipamento segue as normas metrol\u00f3gicas exigidas pelo INMETRO para equipamentos de pesagem classe III, conforme a portaria n\u00ba 154, de 12 de agosto de 2005.<\/p>\n<h3>Vantagens pelo uso<\/h3>\n<ul>\n<li class=\"first odd\">Excelente visibilidade das informa\u00e7\u00f5es em visor de LCD com backlight.<\/li>\n<li class=\"even\">Indica\u00e7\u00e3o de carga de bateria dispon\u00edvel no visor.<\/li>\n<li class=\"odd\">Armazena 99 pre\u00e7os na mem\u00f3ria.<\/li>\n<li class=\"even\">Fun\u00e7\u00f5es que agilizam a opera\u00e7\u00e3o di\u00e1ria: Tara, pre\u00e7o fixo e modo empacotadora.<\/li>\n<li class=\"odd\">Capa pl\u00e1stica protetora contra derramamentos de l\u00edquidos.<\/li>\n<li class=\"even\">A substitui\u00e7\u00e3o da bateria pode ser feita pelo pr\u00f3prio usu\u00e1rio.<\/li>\n<li class=\"odd\">Sa\u00edda para impressora t\u00e9rmica Urano USE-CB II e serial RS232.<\/li>\n<li class=\"last even\">ossibilidade de conex\u00e3o com computador via cabo adaptador da Urano (acess\u00f3rio opcional).<\/li>\n<\/ul>\n<h3>Caracter\u00edsticas t\u00e9cnicas<\/h3>\n<ul>\n<li class=\"first odd\">Capacidade:\u00a0<strong>20Kg<\/strong><\/li>\n<li class=\"even\">Divis\u00e3o: 2g<\/li>\n<li class=\"odd\">Faixa de pesagem: At\u00e9 06 Kg = Divis\u00e3o de 2g \/ De 06 a 20 Kg = Divis\u00e3o de 6g<\/li>\n<li class=\"even\">Material da plataforma: A\u00e7o Inox<\/li>\n<li class=\"odd\">Material da esstrutura: Pl\u00e1stico Injetado tipo ABS<\/li>\n<li class=\"even\">Tipo do visor: LCD com BlackLight<\/li>\n<li class=\"odd\">Dimens\u00f5es do visor: 7,5 x 2cm<\/li>\n<li class=\"even\">P\u00e9s Regul\u00e1veis: Sim<\/li>\n<li class=\"odd\">Bateria interna: Sim<\/li>\n<li class=\"even\">Conex\u00e3o para impressora Urano: Sim<\/li>\n<li class=\"odd\">Conex\u00e3o com computador: Sim, via cabo adaptador opcional da Urano<\/li>\n<li class=\"even\">Dimens\u00f5es da plataforma de pesagem: 310 x 270mm<\/li>\n<li class=\"odd\">Dimens\u00f5es do equipamento (Largura x Altura x Profundidade): 340 x 120 x 420mm<\/li>\n<li class=\"last even\">Peso: 5Kg<\/li>\n<\/ul>\n<h3>Funcionalidades<\/h3>\n<ul>\n<li class=\"first odd\">Peso total: Sim<\/li>\n<li class=\"even\">Pre\u00e7o por Kg: Sim<\/li>\n<li class=\"odd\">Pre\u00e7o a pagar: Sim<\/li>\n<li class=\"even\">Tara: Sim<\/li>\n<li class=\"odd\">Pre\u00e7o fixo: Sim<\/li>\n<li class=\"even\">Quantidade de mem\u00f3ria para pre\u00e7o e nome do produto: 99.<\/li>\n<li class=\"odd\">Modo de cadastramento: Via teclado<\/li>\n<li class=\"even\">Substitui\u00e7\u00e3o da bateria sem rompimento do lacre: Sim<\/li>\n<li class=\"last odd\">Impress\u00e3o do c\u00f3digo e barras: Sim<\/li>\n<\/ul>\n<h4>Sugest\u00e3o de Uso<\/h4>\n<table border=\"0\">\n<tbody>\n<tr>\n<td>&#8211; Padarias<\/p>\n<p>&#8211; Panificadoras<\/p>\n<p>&#8211; Confeitarias<\/p>\n<p>&#8211; Bares<\/p>\n<p>&#8211; Restaurantes<\/p>\n<p>&#8211; Sorveterias<\/p>\n<p>&#8211; Casa de Carnes<\/p>\n<p>&#8211; A\u00e7ougues<\/td>\n<td>&#8211; Fruteiras<\/p>\n<p>&#8211; Mercearias<\/p>\n<p>&#8211; Sacol\u00f5es<\/p>\n<p>&#8211; Feiras Livres<\/p>\n<p>&#8211; Cozinhas Industriais<\/p>\n<p>&#8211; Mercados<\/p>\n<p>&#8211; Supermercados<\/p>\n<p>&#8211; Hipermercados<\/td>\n<\/tr>\n<\/tbody>\n<\/table>\n","protected":false},"excerpt":{"rendered":"A Balan\u00e7a Urano POP-Z Light 20Kg por 2g \u00e9 uma balan\u00e7a comercial vers\u00e1til e com muitos benef\u00edcios !","protected":false},"featured_media":2959,"template":"","meta":[],"yst_prominent_words":[],"_links":{"self":[{"href":"https:\/\/www.impulsoautomacao.com.br\/site\/wp-json\/wp\/v2\/product\/2958"}],"collection":[{"href":"https:\/\/www.impulsoautomacao.com.br\/site\/wp-json\/wp\/v2\/product"}],"about":[{"href":"https:\/\/www.impulsoautomacao.com.br\/site\/wp-json\/wp\/v2\/types\/product"}],"wp:featuredmedia":[{"embeddable":true,"href":"https:\/\/www.impulsoautomacao.com.br\/site\/wp-json\/wp\/v2\/media\/2959"}],"wp:attachment":[{"href":"https:\/\/www.impulsoautomacao.com.br\/site\/wp-json\/wp\/v2\/media?parent=2958"}],"wp:term":[{"taxonomy":"yst_prominent_words","embeddable":true,"href":"https:\/\/www.impulsoautomacao.com.br\/site\/wp-json\/wp\/v2\/yst_prominent_words?post=2958"}],"curies":[{"name":"wp","href":"https:\/\/api.w.org\/{rel}","templated":true}]}}