{"id":27,"date":"2019-01-16T13:01:55","date_gmt":"2019-01-16T13:01:55","guid":{"rendered":"https:\/\/woocommercecore.mystagingwebsite.com\/product\/beanie-with-logo\/"},"modified":"2019-09-10T16:42:49","modified_gmt":"2019-09-10T19:42:49","slug":"bobinas-termicas-para-impressora","status":"publish","type":"product","link":"https:\/\/www.impulsoautomacao.com.br\/site\/produto\/bobinas-termicas-para-impressora\/","title":{"rendered":"Bobinas T\u00e9rmicas para Impressora"},"content":{"rendered":"<p>Os equipamentos utilizados na produ\u00e7\u00e3o das bobinas t\u00e9rmicas possuem controle de metragem e regulagem de tens\u00e3o no rebobinamento, proporcionando um produto com excelente acabamento.<\/p>\n<p>A Linha de bobinas t\u00e9rmicas Regispel contempla bobinas fiscais para ECF,NFC-e, SAT Fiscal, ATM, cash dispenser, POS, fax e demais equipamentos que utilizem suprimentos para registro de dados.<\/p>\n","protected":false},"excerpt":{"rendered":"<strong>As bobinas t\u00e9rmicas Regispel s\u00e3o a solu\u00e7\u00e3o eficaz para o processo de automa\u00e7\u00e3o do seu neg\u00f3cio. Imprime com precis\u00e3o os comprovantes e fiscais, com a qualidade garantida atrav\u00e9s das normas e certifica\u00e7\u00f5es que a Regispel possui.<\/strong>","protected":false},"featured_media":2838,"template":"","meta":[],"yst_prominent_words":[],"_links":{"self":[{"href":"https:\/\/www.impulsoautomacao.com.br\/site\/wp-json\/wp\/v2\/product\/27"}],"collection":[{"href":"https:\/\/www.impulsoautomacao.com.br\/site\/wp-json\/wp\/v2\/product"}],"about":[{"href":"https:\/\/www.impulsoautomacao.com.br\/site\/wp-json\/wp\/v2\/types\/product"}],"wp:featuredmedia":[{"embeddable":true,"href":"https:\/\/www.impulsoautomacao.com.br\/site\/wp-json\/wp\/v2\/media\/2838"}],"wp:attachment":[{"href":"https:\/\/www.impulsoautomacao.com.br\/site\/wp-json\/wp\/v2\/media?parent=27"}],"wp:term":[{"taxonomy":"yst_prominent_words","embeddable":true,"href":"https:\/\/www.impulsoautomacao.com.br\/site\/wp-json\/wp\/v2\/yst_prominent_words?post=27"}],"curies":[{"name":"wp","href":"https:\/\/api.w.org\/{rel}","templated":true}]}}