{"id":1799,"date":"2019-08-22T11:34:32","date_gmt":"2019-08-22T14:34:32","guid":{"rendered":"http:\/\/localhost\/automacao\/?page_id=1799"},"modified":"2019-09-25T13:30:42","modified_gmt":"2019-09-25T16:30:42","slug":"dynamis-automacao","status":"publish","type":"page","link":"https:\/\/www.impulsoautomacao.com.br\/site\/dynamis-automacao\/","title":{"rendered":"Dynamis ERP"},"content":{"rendered":"\t\t<div data-elementor-type=\"wp-post\" data-elementor-id=\"1799\" class=\"elementor elementor-1799\" data-elementor-settings=\"[]\">\n\t\t\t<div class=\"elementor-inner\">\n\t\t\t\t<div class=\"elementor-section-wrap\">\n\t\t\t\t\t\t\t<section class=\"elementor-element elementor-element-f11d6a1 elementor-section-boxed elementor-section-height-default elementor-section-height-default elementor-section elementor-top-section\" data-id=\"f11d6a1\" data-element_type=\"section\">\n\t\t\t\t\t\t<div class=\"elementor-container elementor-column-gap-default\">\n\t\t\t\t<div class=\"elementor-row\">\n\t\t\t\t<div class=\"elementor-element elementor-element-4995391 elementor-column elementor-col-100 elementor-top-column\" data-id=\"4995391\" data-element_type=\"column\">\n\t\t\t<div class=\"elementor-column-wrap  elementor-element-populated\">\n\t\t\t\t\t<div class=\"elementor-widget-wrap\">\n\t\t\t\t<div class=\"elementor-element elementor-element-2dc4eb2 elementor-widget elementor-widget-heading\" data-id=\"2dc4eb2\" data-element_type=\"widget\" data-widget_type=\"heading.default\">\n\t\t\t\t<div class=\"elementor-widget-container\">\n\t\t\t<h2 class=\"elementor-heading-title elementor-size-default\">Um Software de automa\u00e7\u00e3o completo para integrar os setores da sua empresa gerando produtividade e uma melhor organiza\u00e7\u00e3o.<\/h2>\t\t<\/div>\n\t\t\t\t<\/div>\n\t\t\t\t<div class=\"elementor-element elementor-element-2b7498f elementor-widget elementor-widget-spacer\" data-id=\"2b7498f\" data-element_type=\"widget\" data-widget_type=\"spacer.default\">\n\t\t\t\t<div class=\"elementor-widget-container\">\n\t\t\t\t\t<div class=\"elementor-spacer\">\n\t\t\t<div class=\"elementor-spacer-inner\"><\/div>\n\t\t<\/div>\n\t\t\t\t<\/div>\n\t\t\t\t<\/div>\n\t\t\t\t\t\t<\/div>\n\t\t\t<\/div>\n\t\t<\/div>\n\t\t\t\t\t\t<\/div>\n\t\t\t<\/div>\n\t\t<\/section>\n\t\t\t\t<section class=\"elementor-element elementor-element-484bf77 elementor-section-boxed elementor-section-height-default elementor-section-height-default elementor-section elementor-top-section\" data-id=\"484bf77\" data-element_type=\"section\">\n\t\t\t\t\t\t<div class=\"elementor-container elementor-column-gap-default\">\n\t\t\t\t<div class=\"elementor-row\">\n\t\t\t\t<div class=\"elementor-element elementor-element-e8736a4 elementor-column elementor-col-33 elementor-top-column\" data-id=\"e8736a4\" data-element_type=\"column\">\n\t\t\t<div class=\"elementor-column-wrap  elementor-element-populated\">\n\t\t\t\t\t<div class=\"elementor-widget-wrap\">\n\t\t\t\t<div class=\"elementor-element elementor-element-c30960c elementor-widget elementor-widget-vt-fame_services\" data-id=\"c30960c\" data-element_type=\"widget\" data-settings=\"{&quot;service_image&quot;:{&quot;url&quot;:&quot;https:\\\/\\\/impulsoautomacao.com.br\\\/site\\\/wp-content\\\/uploads\\\/2019\\\/09\\\/icon-formasPagamento1.png&quot;,&quot;id&quot;:2767}}\" data-widget_type=\"vt-fame_services.default\">\n\t\t\t\t<div class=\"elementor-widget-container\">\n\t\t\t<div class=\"service-item fame-item\"><div class=\"fame-image\"><img src=\"https:\/\/www.impulsoautomacao.com.br\/site\/wp-content\/uploads\/2019\/09\/icon-formasPagamento1.png\" width=\"83\" alt=\"\"><\/div><h3 class=\"service-title\">Frente de Caixa (PAF-ECF)<\/h3><p>Venda de forma r\u00e1pida e eficiente, com impress\u00e3o dos cupons fiscais. Tenha tamb\u00e9m os TEF integrado com as principais bandeiras (Visa, Visa, Redcard Express, Hipercard, dentre outras.<\/p><\/div>\t\t<\/div>\n\t\t\t\t<\/div>\n\t\t\t\t\t\t<\/div>\n\t\t\t<\/div>\n\t\t<\/div>\n\t\t\t\t<div class=\"elementor-element elementor-element-dbeff7e elementor-column elementor-col-33 elementor-top-column\" data-id=\"dbeff7e\" data-element_type=\"column\">\n\t\t\t<div class=\"elementor-column-wrap  elementor-element-populated\">\n\t\t\t\t\t<div class=\"elementor-widget-wrap\">\n\t\t\t\t<div class=\"elementor-element elementor-element-13edf81 elementor-widget elementor-widget-vt-fame_services\" data-id=\"13edf81\" data-element_type=\"widget\" data-settings=\"{&quot;service_image&quot;:{&quot;url&quot;:&quot;https:\\\/\\\/impulsoautomacao.com.br\\\/site\\\/wp-content\\\/uploads\\\/2019\\\/09\\\/ERP.png&quot;,&quot;id&quot;:2769}}\" data-widget_type=\"vt-fame_services.default\">\n\t\t\t\t<div class=\"elementor-widget-container\">\n\t\t\t<div class=\"service-item fame-item\"><div class=\"fame-image\"><img src=\"https:\/\/www.impulsoautomacao.com.br\/site\/wp-content\/uploads\/2019\/09\/ERP.png\" width=\"83\" alt=\"\"><\/div><h3 class=\"service-title\">ERP<\/h3><p>O ERP \u00e9 uma plataforma de software desenvolvida para integrar os diversos departamentos de uma empresa, possibilitando a automa\u00e7\u00e3o e armazenamento de todas as informa\u00e7\u00f5es do neg\u00f3cio.<\/p><\/div>\t\t<\/div>\n\t\t\t\t<\/div>\n\t\t\t\t\t\t<\/div>\n\t\t\t<\/div>\n\t\t<\/div>\n\t\t\t\t<div class=\"elementor-element elementor-element-20d963d elementor-column elementor-col-33 elementor-top-column\" data-id=\"20d963d\" data-element_type=\"column\">\n\t\t\t<div class=\"elementor-column-wrap  elementor-element-populated\">\n\t\t\t\t\t<div class=\"elementor-widget-wrap\">\n\t\t\t\t<div class=\"elementor-element elementor-element-35e6500 elementor-widget elementor-widget-vt-fame_services\" data-id=\"35e6500\" data-element_type=\"widget\" data-settings=\"{&quot;service_image&quot;:{&quot;url&quot;:&quot;https:\\\/\\\/impulsoautomacao.com.br\\\/site\\\/wp-content\\\/uploads\\\/2019\\\/09\\\/icone_edital_capes1.png&quot;,&quot;id&quot;:2770}}\" data-widget_type=\"vt-fame_services.default\">\n\t\t\t\t<div class=\"elementor-widget-container\">\n\t\t\t<div class=\"service-item fame-item\"><div class=\"fame-image\"><img src=\"https:\/\/www.impulsoautomacao.com.br\/site\/wp-content\/uploads\/2019\/09\/icone_edital_capes1.png\" width=\"83\" alt=\"\"><\/div><h3 class=\"service-title\">Relat\u00f3rios<\/h3><p>Possibilidade de gerar v\u00e1rios relat\u00f3rios gerenciais e operacionais para um maior controle. Incluindo relat\u00f3rios fiscais de SPED Fiscal, contribui\u00e7\u00e3o e SINTEGRA.<\/p><\/div>\t\t<\/div>\n\t\t\t\t<\/div>\n\t\t\t\t\t\t<\/div>\n\t\t\t<\/div>\n\t\t<\/div>\n\t\t\t\t\t\t<\/div>\n\t\t\t<\/div>\n\t\t<\/section>\n\t\t\t\t<section class=\"elementor-element elementor-element-6e5adb07 elementor-section-boxed elementor-section-height-default elementor-section-height-default elementor-section elementor-top-section\" data-id=\"6e5adb07\" data-element_type=\"section\">\n\t\t\t\t\t\t<div class=\"elementor-container elementor-column-gap-default\">\n\t\t\t\t<div class=\"elementor-row\">\n\t\t\t\t<div class=\"elementor-element elementor-element-595ccd6a elementor-column elementor-col-33 elementor-top-column\" data-id=\"595ccd6a\" data-element_type=\"column\">\n\t\t\t<div class=\"elementor-column-wrap  elementor-element-populated\">\n\t\t\t\t\t<div class=\"elementor-widget-wrap\">\n\t\t\t\t<div class=\"elementor-element elementor-element-216f9a2b elementor-widget elementor-widget-vt-fame_services\" data-id=\"216f9a2b\" data-element_type=\"widget\" data-settings=\"{&quot;service_image&quot;:{&quot;url&quot;:&quot;https:\\\/\\\/impulsoautomacao.com.br\\\/site\\\/wp-content\\\/uploads\\\/2019\\\/09\\\/orcamentoicon1.png&quot;,&quot;id&quot;:2773}}\" data-widget_type=\"vt-fame_services.default\">\n\t\t\t\t<div class=\"elementor-widget-container\">\n\t\t\t<div class=\"service-item fame-item\"><div class=\"fame-image\"><img src=\"https:\/\/www.impulsoautomacao.com.br\/site\/wp-content\/uploads\/2019\/09\/orcamentoicon1.png\" width=\"83\" alt=\"\"><\/div><h3 class=\"service-title\">Vendas (DAV)<\/h3><p>Crie or\u00e7amentos, pedidos, ordem de servi\u00e7os ou outros documentos de controle interno para gest\u00e3o da sua \u00e1rea comercial.<\/p><\/div>\t\t<\/div>\n\t\t\t\t<\/div>\n\t\t\t\t\t\t<\/div>\n\t\t\t<\/div>\n\t\t<\/div>\n\t\t\t\t<div class=\"elementor-element elementor-element-41f1c6e8 elementor-column elementor-col-33 elementor-top-column\" data-id=\"41f1c6e8\" data-element_type=\"column\">\n\t\t\t<div class=\"elementor-column-wrap  elementor-element-populated\">\n\t\t\t\t\t<div class=\"elementor-widget-wrap\">\n\t\t\t\t<div class=\"elementor-element elementor-element-1f1e549f elementor-widget elementor-widget-vt-fame_services\" data-id=\"1f1e549f\" data-element_type=\"widget\" data-settings=\"{&quot;service_image&quot;:{&quot;url&quot;:&quot;https:\\\/\\\/impulsoautomacao.com.br\\\/site\\\/wp-content\\\/uploads\\\/2019\\\/09\\\/e-commerce-icon-png-71.png&quot;,&quot;id&quot;:2771}}\" data-widget_type=\"vt-fame_services.default\">\n\t\t\t\t<div class=\"elementor-widget-container\">\n\t\t\t<div class=\"service-item fame-item\"><div class=\"fame-image\"><img src=\"https:\/\/www.impulsoautomacao.com.br\/site\/wp-content\/uploads\/2019\/09\/e-commerce-icon-png-71.png\" width=\"83\" alt=\"\"><\/div><h3 class=\"service-title\">Compras<\/h3><p>Tenha informa\u00e7\u00f5es reais para decis\u00e3o nas compras e receba sugest\u00f5es com base nas movimenta\u00e7\u00f5es e demandas de venda.<\/p><\/div>\t\t<\/div>\n\t\t\t\t<\/div>\n\t\t\t\t\t\t<\/div>\n\t\t\t<\/div>\n\t\t<\/div>\n\t\t\t\t<div class=\"elementor-element elementor-element-2731159a elementor-column elementor-col-33 elementor-top-column\" data-id=\"2731159a\" data-element_type=\"column\">\n\t\t\t<div class=\"elementor-column-wrap  elementor-element-populated\">\n\t\t\t\t\t<div class=\"elementor-widget-wrap\">\n\t\t\t\t<div class=\"elementor-element elementor-element-7fa983db elementor-widget elementor-widget-vt-fame_services\" data-id=\"7fa983db\" data-element_type=\"widget\" data-settings=\"{&quot;service_image&quot;:{&quot;url&quot;:&quot;https:\\\/\\\/impulsoautomacao.com.br\\\/site\\\/wp-content\\\/uploads\\\/2019\\\/09\\\/icon_nfe1.png&quot;,&quot;id&quot;:2772}}\" data-widget_type=\"vt-fame_services.default\">\n\t\t\t\t<div class=\"elementor-widget-container\">\n\t\t\t<div class=\"service-item fame-item\"><div class=\"fame-image\"><img src=\"https:\/\/www.impulsoautomacao.com.br\/site\/wp-content\/uploads\/2019\/09\/icon_nfe1.png\" width=\"83\" alt=\"\"><\/div><h3 class=\"service-title\">Nota Fiscal Eletr\u00f4nica (NFE)<\/h3><p>Emita notas fiscais (nfe) de forma r\u00e1pida e pratica tendo as informa\u00e7\u00f5es cadastradas para agilizar e auxiliar no preenchimento.<\/p><\/div>\t\t<\/div>\n\t\t\t\t<\/div>\n\t\t\t\t\t\t<\/div>\n\t\t\t<\/div>\n\t\t<\/div>\n\t\t\t\t\t\t<\/div>\n\t\t\t<\/div>\n\t\t<\/section>\n\t\t\t\t<section class=\"elementor-element elementor-element-3322727c elementor-section-boxed elementor-section-height-default elementor-section-height-default elementor-section elementor-top-section\" data-id=\"3322727c\" data-element_type=\"section\">\n\t\t\t\t\t\t<div class=\"elementor-container elementor-column-gap-default\">\n\t\t\t\t<div class=\"elementor-row\">\n\t\t\t\t<div class=\"elementor-element elementor-element-32b13680 elementor-column elementor-col-33 elementor-top-column\" data-id=\"32b13680\" data-element_type=\"column\">\n\t\t\t<div class=\"elementor-column-wrap  elementor-element-populated\">\n\t\t\t\t\t<div class=\"elementor-widget-wrap\">\n\t\t\t\t<div class=\"elementor-element elementor-element-6cfed58e elementor-widget elementor-widget-vt-fame_services\" data-id=\"6cfed58e\" data-element_type=\"widget\" data-settings=\"{&quot;service_image&quot;:{&quot;url&quot;:&quot;https:\\\/\\\/impulsoautomacao.com.br\\\/site\\\/wp-content\\\/uploads\\\/2019\\\/09\\\/com.solut_.contagemestoque1.png&quot;,&quot;id&quot;:2775}}\" data-widget_type=\"vt-fame_services.default\">\n\t\t\t\t<div class=\"elementor-widget-container\">\n\t\t\t<div class=\"service-item fame-item\"><div class=\"fame-image\"><img src=\"https:\/\/www.impulsoautomacao.com.br\/site\/wp-content\/uploads\/2019\/09\/com.solut_.contagemestoque1.png\" width=\"83\" alt=\"\"><\/div><h3 class=\"service-title\">Estoque<\/h3><p>Controle seu estoque e fa\u00e7a as entradas de novos produtos de forma automatizada e r\u00e1pida atrav\u00e9s da Nfe, otimizando tempo e diminuindo erros cadastrais.<\/p><\/div>\t\t<\/div>\n\t\t\t\t<\/div>\n\t\t\t\t\t\t<\/div>\n\t\t\t<\/div>\n\t\t<\/div>\n\t\t\t\t<div class=\"elementor-element elementor-element-2122d946 elementor-column elementor-col-33 elementor-top-column\" data-id=\"2122d946\" data-element_type=\"column\">\n\t\t\t<div class=\"elementor-column-wrap  elementor-element-populated\">\n\t\t\t\t\t<div class=\"elementor-widget-wrap\">\n\t\t\t\t<div class=\"elementor-element elementor-element-4d64970a elementor-widget elementor-widget-vt-fame_services\" data-id=\"4d64970a\" data-element_type=\"widget\" data-settings=\"{&quot;service_image&quot;:{&quot;url&quot;:&quot;https:\\\/\\\/impulsoautomacao.com.br\\\/site\\\/wp-content\\\/uploads\\\/2019\\\/09\\\/flat_icon_gestao_financeira1.png&quot;,&quot;id&quot;:2780}}\" data-widget_type=\"vt-fame_services.default\">\n\t\t\t\t<div class=\"elementor-widget-container\">\n\t\t\t<div class=\"service-item fame-item\"><div class=\"fame-image\"><img src=\"https:\/\/www.impulsoautomacao.com.br\/site\/wp-content\/uploads\/2019\/09\/flat_icon_gestao_financeira1.png\" width=\"83\" alt=\"\"><\/div><h3 class=\"service-title\">Financeiro<\/h3><p>Fa\u00e7a toda a gest\u00e3o financeira da sua empresa de forma segura e objetiva. Garanta o controle total de todas as contas a pagar e receber.<\/p><\/div>\t\t<\/div>\n\t\t\t\t<\/div>\n\t\t\t\t\t\t<\/div>\n\t\t\t<\/div>\n\t\t<\/div>\n\t\t\t\t<div class=\"elementor-element elementor-element-63754a2b elementor-column elementor-col-33 elementor-top-column\" data-id=\"63754a2b\" data-element_type=\"column\">\n\t\t\t<div class=\"elementor-column-wrap  elementor-element-populated\">\n\t\t\t\t\t<div class=\"elementor-widget-wrap\">\n\t\t\t\t<div class=\"elementor-element elementor-element-ef5561e elementor-widget elementor-widget-vt-fame_services\" data-id=\"ef5561e\" data-element_type=\"widget\" data-settings=\"{&quot;service_image&quot;:{&quot;url&quot;:&quot;https:\\\/\\\/impulsoautomacao.com.br\\\/site\\\/wp-content\\\/uploads\\\/2019\\\/09\\\/01_icon-help_desk-alt1.png&quot;,&quot;id&quot;:2781}}\" data-widget_type=\"vt-fame_services.default\">\n\t\t\t\t<div class=\"elementor-widget-container\">\n\t\t\t<div class=\"service-item fame-item\"><div class=\"fame-image\"><img src=\"https:\/\/www.impulsoautomacao.com.br\/site\/wp-content\/uploads\/2019\/09\/01_icon-help_desk-alt1.png\" width=\"83\" alt=\"\"><\/div><h3 class=\"service-title\">Suporte T\u00e9cnico<\/h3><p>Suporte t\u00e9cnico eficiente pronto para tirar suas d\u00favidas ou resolver problemas caso necess\u00e1rio. Contamos com plant\u00e3o nos finais de semana.<\/p><\/div>\t\t<\/div>\n\t\t\t\t<\/div>\n\t\t\t\t\t\t<\/div>\n\t\t\t<\/div>\n\t\t<\/div>\n\t\t\t\t\t\t<\/div>\n\t\t\t<\/div>\n\t\t<\/section>\n\t\t\t\t<section class=\"elementor-element elementor-element-46657cd8 elementor-section-boxed elementor-section-height-default elementor-section-height-default elementor-section elementor-top-section\" data-id=\"46657cd8\" data-element_type=\"section\" id=\"consultor\" data-settings=\"{&quot;background_background&quot;:&quot;classic&quot;}\">\n\t\t\t\t\t\t<div class=\"elementor-container elementor-column-gap-default\">\n\t\t\t\t<div class=\"elementor-row\">\n\t\t\t\t<div class=\"elementor-element elementor-element-1829354f elementor-column elementor-col-50 elementor-top-column\" data-id=\"1829354f\" data-element_type=\"column\">\n\t\t\t<div class=\"elementor-column-wrap  elementor-element-populated\">\n\t\t\t\t\t<div class=\"elementor-widget-wrap\">\n\t\t\t\t<div class=\"elementor-element elementor-element-2cd213bb elementor-widget elementor-widget-spacer\" data-id=\"2cd213bb\" data-element_type=\"widget\" data-widget_type=\"spacer.default\">\n\t\t\t\t<div class=\"elementor-widget-container\">\n\t\t\t\t\t<div class=\"elementor-spacer\">\n\t\t\t<div class=\"elementor-spacer-inner\"><\/div>\n\t\t<\/div>\n\t\t\t\t<\/div>\n\t\t\t\t<\/div>\n\t\t\t\t<div class=\"elementor-element elementor-element-6220a2bd elementor-widget elementor-widget-heading\" data-id=\"6220a2bd\" data-element_type=\"widget\" data-widget_type=\"heading.default\">\n\t\t\t\t<div class=\"elementor-widget-container\">\n\t\t\t<h2 class=\"elementor-heading-title elementor-size-default\">Converse com um consultor para saber mais informa\u00e7\u00f5es.<\/h2>\t\t<\/div>\n\t\t\t\t<\/div>\n\t\t\t\t<div class=\"elementor-element elementor-element-16004ce3 elementor-widget elementor-widget-text-editor\" data-id=\"16004ce3\" data-element_type=\"widget\" data-widget_type=\"text-editor.default\">\n\t\t\t\t<div class=\"elementor-widget-container\">\n\t\t\t\t\t<div class=\"elementor-text-editor elementor-clearfix\"><p>Solicite o contato de um de nossos consultores para tirar suas d\u00favidas.<\/p><p><strong>E-mail:<\/strong> \u200bimpulso@impulsoautomacao.com.br<br \/><strong>Endere\u00e7o:<\/strong> R. S\u00e3o Paulo, 21 &#8211; Bucarein, Joinville &#8211; SC, 89210-001\u200b<br \/><strong>Telefone:<\/strong> (47) 3433-9420\u200b<\/p><\/div>\n\t\t\t\t<\/div>\n\t\t\t\t<\/div>\n\t\t\t\t<div class=\"elementor-element elementor-element-4b987ab3 elementor-button-success elementor-align-left elementor-widget elementor-widget-button\" data-id=\"4b987ab3\" data-element_type=\"widget\" data-widget_type=\"button.default\">\n\t\t\t\t<div class=\"elementor-widget-container\">\n\t\t\t\t\t<div class=\"elementor-button-wrapper\">\n\t\t\t<a href=\"https:\/\/wa.me\/554799891402\" class=\"elementor-button-link elementor-button elementor-size-md\" role=\"button\">\n\t\t\t\t\t\t<span class=\"elementor-button-content-wrapper\">\n\t\t\t\t\t\t<span class=\"elementor-button-icon elementor-align-icon-left\">\n\t\t\t\t<i aria-hidden=\"true\" class=\"fab fa-whatsapp\"><\/i>\t\t\t<\/span>\n\t\t\t\t\t\t<span class=\"elementor-button-text\">Chame a gente no no Whats!<\/span>\n\t\t<\/span>\n\t\t\t\t\t<\/a>\n\t\t<\/div>\n\t\t\t\t<\/div>\n\t\t\t\t<\/div>\n\t\t\t\t\t\t<\/div>\n\t\t\t<\/div>\n\t\t<\/div>\n\t\t\t\t<div class=\"elementor-element elementor-element-46c48e25 elementor-column elementor-col-50 elementor-top-column\" data-id=\"46c48e25\" data-element_type=\"column\" data-settings=\"{&quot;background_background&quot;:&quot;classic&quot;}\">\n\t\t\t<div class=\"elementor-column-wrap  elementor-element-populated\">\n\t\t\t\t\t<div class=\"elementor-widget-wrap\">\n\t\t\t\t<div class=\"elementor-element elementor-element-3316bd12 elementor-widget elementor-widget-spacer\" data-id=\"3316bd12\" data-element_type=\"widget\" data-widget_type=\"spacer.default\">\n\t\t\t\t<div class=\"elementor-widget-container\">\n\t\t\t\t\t<div class=\"elementor-spacer\">\n\t\t\t<div class=\"elementor-spacer-inner\"><\/div>\n\t\t<\/div>\n\t\t\t\t<\/div>\n\t\t\t\t<\/div>\n\t\t\t\t<div class=\"elementor-element elementor-element-125d6a86 elementor-widget elementor-widget-heading\" data-id=\"125d6a86\" data-element_type=\"widget\" data-widget_type=\"heading.default\">\n\t\t\t\t<div class=\"elementor-widget-container\">\n\t\t\t<h2 class=\"elementor-heading-title elementor-size-default\">Solicitar Contato Comercial<\/h2>\t\t<\/div>\n\t\t\t\t<\/div>\n\t\t\t\t<div class=\"elementor-element elementor-element-5c8762b8 elementor-widget elementor-widget-vt-fame_contact_form\" data-id=\"5c8762b8\" data-element_type=\"widget\" data-widget_type=\"vt-fame_contact_form.default\">\n\t\t\t\t<div class=\"elementor-widget-container\">\n\t\t\t<div class=\"fame-contact fame-form\"><div role=\"form\" class=\"wpcf7\" id=\"wpcf7-f2224-o1\" lang=\"en-US\" dir=\"ltr\">\n<div class=\"screen-reader-response\"><\/div>\n<form action=\"\/site\/wp-json\/wp\/v2\/pages\/1799#wpcf7-f2224-o1\" method=\"post\" class=\"wpcf7-form\" novalidate=\"novalidate\">\n<div style=\"display: none;\">\n<input type=\"hidden\" name=\"_wpcf7\" value=\"2224\" \/>\n<input type=\"hidden\" name=\"_wpcf7_version\" value=\"5.1.6\" \/>\n<input type=\"hidden\" name=\"_wpcf7_locale\" value=\"en_US\" \/>\n<input type=\"hidden\" name=\"_wpcf7_unit_tag\" value=\"wpcf7-f2224-o1\" \/>\n<input type=\"hidden\" name=\"_wpcf7_container_post\" value=\"0\" \/>\n<\/div>\n<div class=\"row\">\n<div class=\"col-sm-12\">\n<p><span class=\"wpcf7-form-control-wrap your-name\"><input type=\"text\" name=\"your-name\" value=\"\" size=\"40\" class=\"wpcf7-form-control wpcf7-text wpcf7-validates-as-required\" aria-required=\"true\" aria-invalid=\"false\" placeholder=\"Seu Nome *\" \/><\/span><\/p>\n<\/div>\n<div class=\"col-sm-12\">\n<p><span class=\"wpcf7-form-control-wrap your-email\"><input type=\"email\" name=\"your-email\" value=\"\" size=\"40\" class=\"wpcf7-form-control wpcf7-text wpcf7-email wpcf7-validates-as-required wpcf7-validates-as-email\" aria-required=\"true\" aria-invalid=\"false\" placeholder=\"Seu Email *\" \/><\/span><\/p>\n<\/div>\n<div class=\"col-sm-12\">\n<p><span class=\"wpcf7-form-control-wrap your-phone\"><input type=\"number\" name=\"your-phone\" value=\"\" class=\"wpcf7-form-control wpcf7-number wpcf7-validates-as-required wpcf7-validates-as-number\" aria-required=\"true\" aria-invalid=\"false\" placeholder=\"Seu Telefone *\" \/><\/span><\/p>\n<\/div>\n<div class=\"col-sm-12\">\n<p align=\"right\"><input type=\"submit\" value=\"ENVIAR\" class=\"wpcf7-form-control wpcf7-submit\" \/><\/p>\n<\/div>\n<\/div>\n<div class=\"wpcf7-response-output wpcf7-display-none\"><\/div><\/form><\/div><\/div>\t\t<\/div>\n\t\t\t\t<\/div>\n\t\t\t\t\t\t<\/div>\n\t\t\t<\/div>\n\t\t<\/div>\n\t\t\t\t\t\t<\/div>\n\t\t\t<\/div>\n\t\t<\/section>\n\t\t\t\t\t\t<\/div>\n\t\t\t<\/div>\n\t\t<\/div>\n\t\t","protected":false},"excerpt":{"rendered":"Um Software de automa\u00e7\u00e3o completo para integrar os setores da sua empresa gerando produtividade e uma melhor organiza\u00e7\u00e3o. Frente de Caixa (PAF-ECF) Venda de forma r\u00e1pida e eficiente, com impress\u00e3o dos cupons fiscais. Tenha tamb\u00e9m os TEF integrado com as principais bandeiras (Visa, Visa, Redcard Express, Hipercard, dentre outras. ERP O ERP \u00e9 uma plataforma&#8230;","protected":false},"author":1,"featured_media":0,"parent":0,"menu_order":0,"comment_status":"closed","ping_status":"closed","template":"","meta":[],"yst_prominent_words":[],"_links":{"self":[{"href":"https:\/\/www.impulsoautomacao.com.br\/site\/wp-json\/wp\/v2\/pages\/1799"}],"collection":[{"href":"https:\/\/www.impulsoautomacao.com.br\/site\/wp-json\/wp\/v2\/pages"}],"about":[{"href":"https:\/\/www.impulsoautomacao.com.br\/site\/wp-json\/wp\/v2\/types\/page"}],"author":[{"embeddable":true,"href":"https:\/\/www.impulsoautomacao.com.br\/site\/wp-json\/wp\/v2\/users\/1"}],"replies":[{"embeddable":true,"href":"https:\/\/www.impulsoautomacao.com.br\/site\/wp-json\/wp\/v2\/comments?post=1799"}],"version-history":[{"count":32,"href":"https:\/\/www.impulsoautomacao.com.br\/site\/wp-json\/wp\/v2\/pages\/1799\/revisions"}],"predecessor-version":[{"id":2899,"href":"https:\/\/www.impulsoautomacao.com.br\/site\/wp-json\/wp\/v2\/pages\/1799\/revisions\/2899"}],"wp:attachment":[{"href":"https:\/\/www.impulsoautomacao.com.br\/site\/wp-json\/wp\/v2\/media?parent=1799"}],"wp:term":[{"taxonomy":"yst_prominent_words","embeddable":true,"href":"https:\/\/www.impulsoautomacao.com.br\/site\/wp-json\/wp\/v2\/yst_prominent_words?post=1799"}],"curies":[{"name":"wp","href":"https:\/\/api.w.org\/{rel}","templated":true}]}}