{"id":165,"date":"2019-04-10T08:21:22","date_gmt":"2019-04-10T11:21:22","guid":{"rendered":"https:\/\/victorthemes.com\/themes\/fame\/?page_id=165"},"modified":"2019-09-26T15:32:00","modified_gmt":"2019-09-26T18:32:00","slug":"sobre","status":"publish","type":"page","link":"https:\/\/www.impulsoautomacao.com.br\/site\/sobre\/","title":{"rendered":"Sobre"},"content":{"rendered":"\t\t<div data-elementor-type=\"wp-post\" data-elementor-id=\"165\" class=\"elementor elementor-165\" data-elementor-settings=\"[]\">\n\t\t\t<div class=\"elementor-inner\">\n\t\t\t\t<div class=\"elementor-section-wrap\">\n\t\t\t\t\t\t\t<section class=\"elementor-element elementor-element-8b112d2 elementor-section-boxed elementor-section-height-default elementor-section-height-default elementor-section elementor-top-section\" data-id=\"8b112d2\" data-element_type=\"section\">\n\t\t\t\t\t\t<div class=\"elementor-container elementor-column-gap-default\">\n\t\t\t\t<div class=\"elementor-row\">\n\t\t\t\t<div class=\"elementor-element elementor-element-989231b elementor-column elementor-col-50 elementor-top-column\" data-id=\"989231b\" data-element_type=\"column\">\n\t\t\t<div class=\"elementor-column-wrap  elementor-element-populated\">\n\t\t\t\t\t<div class=\"elementor-widget-wrap\">\n\t\t\t\t<div class=\"elementor-element elementor-element-da1a473 elementor-widget elementor-widget-vt-fame_section_title\" data-id=\"da1a473\" data-element_type=\"widget\" data-widget_type=\"vt-fame_section_title.default\">\n\t\t\t\t<div class=\"elementor-widget-container\">\n\t\t\t<div class=\"section-title-wrap\"><h2 class=\"section-title\">A Impulso<\/h2><p>Fundada em 1978 a Impulso automa\u00e7\u00e3o oferece aos nossos clientes um software empresarial completo especializado na automa\u00e7\u00e3o comercial, fazendo que equipamento e software trabalhem integrados atendendo assim todas as legisla\u00e7\u00f5es e exig\u00eancias fiscais. Trabalhamos com foco no cliente, fornecendo inova\u00e7\u00e3o, qualidade e agilidade no processo comercial. Por meio de parcerias com empresas l\u00edderes de mercado, a Impulso Automa\u00e7\u00e3o oferece as melhores solu\u00e7\u00f5es por meio de parcerias com empresas l\u00edderes de mercado, a Impulso Automa\u00e7\u00e3o oferece as melhores solu\u00e7\u00f5es em tecnologia.. Com uma equipe t\u00e9cnica treinada, a Impulso Automa\u00e7\u00e3o est\u00e1 preparada para atender todo o mercado de Joinville e regi\u00e3o, oferecendo assim um servi\u00e7o de qualidade com agilidade.<\/p><\/div>\t\t<\/div>\n\t\t\t\t<\/div>\n\t\t\t\t\t\t<\/div>\n\t\t\t<\/div>\n\t\t<\/div>\n\t\t\t\t<div class=\"elementor-element elementor-element-81b99ab elementor-column elementor-col-50 elementor-top-column\" data-id=\"81b99ab\" data-element_type=\"column\" data-settings=\"{&quot;background_background&quot;:&quot;classic&quot;}\">\n\t\t\t<div class=\"elementor-column-wrap  elementor-element-populated\">\n\t\t\t\t\t<div class=\"elementor-widget-wrap\">\n\t\t\t\t<div class=\"elementor-element elementor-element-0b0359d elementor-widget elementor-widget-vt-fame_section_title\" data-id=\"0b0359d\" data-element_type=\"widget\" data-widget_type=\"vt-fame_section_title.default\">\n\t\t\t\t<div class=\"elementor-widget-container\">\n\t\t\t<div class=\"section-title-wrap\"><h2 class=\"section-title\">O Dynamis<\/h2><p>O Software Dynamis \u00e9 um software que inclui automa\u00e7\u00e3o comercial e um amplo conjunto de ferramentas operacionais e anal\u00edticas, que funcionam de modo integrado e din\u00e2mico. \u00c9 indicado para m\u00e9dias e pequenas empresas de com\u00e9rcio, em qualquer segmento, que atuem como varejistas e\/ou distribuidores atacadistas. O lado vis\u00edvel disso tudo \u00e9 que o sistema oferece aos usu\u00e1rios uma apar\u00eancia leve, de bom gosto, intuitiva e r\u00e1pida, o que torna bastante agrad\u00e1vel interagir com o software e aumenta dramaticamente a velocidade das opera\u00e7\u00f5es, resultando em satisfa\u00e7\u00e3o dos clientes e maior produtividade dos usu\u00e1rios. <\/p><\/div>\t\t<\/div>\n\t\t\t\t<\/div>\n\t\t\t\t\t\t<\/div>\n\t\t\t<\/div>\n\t\t<\/div>\n\t\t\t\t\t\t<\/div>\n\t\t\t<\/div>\n\t\t<\/section>\n\t\t\t\t<section class=\"elementor-element elementor-element-95072da elementor-section-stretched elementor-section-full_width elementor-section-height-default elementor-section-height-default elementor-section elementor-top-section\" data-id=\"95072da\" data-element_type=\"section\" data-settings=\"{&quot;stretch_section&quot;:&quot;section-stretched&quot;,&quot;background_background&quot;:&quot;classic&quot;}\">\n\t\t\t\t\t\t<div class=\"elementor-container elementor-column-gap-default\">\n\t\t\t\t<div class=\"elementor-row\">\n\t\t\t\t<div class=\"elementor-element elementor-element-164e4f7 elementor-column elementor-col-100 elementor-top-column\" data-id=\"164e4f7\" data-element_type=\"column\">\n\t\t\t<div class=\"elementor-column-wrap  elementor-element-populated\">\n\t\t\t\t\t<div class=\"elementor-widget-wrap\">\n\t\t\t\t<div class=\"elementor-element elementor-element-545163a elementor-widget elementor-widget-vt-fame_section_title\" data-id=\"545163a\" data-element_type=\"widget\" data-widget_type=\"vt-fame_section_title.default\">\n\t\t\t\t<div class=\"elementor-widget-container\">\n\t\t\t<div class=\"section-title-wrap\"><h2 class=\"section-title\">Feedback<\/h2><\/div>\t\t<\/div>\n\t\t\t\t<\/div>\n\t\t\t\t<div class=\"elementor-element elementor-element-75f2366 elementor-widget elementor-widget-vt-fame_testimonial_carousel\" data-id=\"75f2366\" data-element_type=\"widget\" data-widget_type=\"vt-fame_testimonial_carousel.default\">\n\t\t\t\t<div class=\"elementor-widget-container\">\n\t\t\t\t\t<div class=\"fame-testimonials\">\n\t    <div class=\"container\">\n\t            <div class=\"owl-carousel\"  data-loop=\"true\"  data-items=\"3\"  data-margin=\"30\"  data-dots=\"true\"  data-nav=\"true\"  data-autoplay-timeout=\"5000\"    data-mouse-drag=\"false\"   data-auto-height=\"true\"  data-items-tablet=\"3\"  data-items-mobile-landscape=\"2\"  data-items-mobile-portrait=\"1\">\n\t    \t\t\t\t\t\n\t\t\t\t          <div class=\"item\">\n            <div class=\"testimonial-item\">\n                            <p>Antes de conhecermos o Dynamis ERP, contratamos um software que nos deixou muito a desejar ficando abaixo das expectativas contratadas.\r\nFoi a\u00ed que pesquisamos, varias empresas pra nos fornecer n\u00e3o s\u00f3 o servi\u00e7o e sim suporte!<\/p>\n              <h4 class=\"author-name\"><a href=\"https:\/\/www.impulsoautomacao.com.br\/site\/feedback-post\/karine-amancio\/\">Karine Am\u00e2ncio<\/a><\/h4>\n            <\/div>\n          <\/div>          \n                  <div class=\"item\">\n            <div class=\"testimonial-item\">\n                            <p>Ol\u00e1, Meu nome \u00e9 Rosana s\u00f3cia da empresa Target Ferramentaria, estamos com o sistema Dynamis NFe desde maio 2019.\r\nEstamos gostando muito do sistema pois \u00e9 f\u00e1cil de manusear e de compreender.\r\nO suporte \u00e9 nota 10, pois sempre que preciso de ajuda eles me atendem de forma r\u00e1pida e pr\u00e1tica.\r\nJ\u00e1 trabalhei com outros sistemas e sem d\u00favida o Dynamis NFe est\u00e1 sendo o melhor.<\/p>\n              <h4 class=\"author-name\"><a href=\"https:\/\/www.impulsoautomacao.com.br\/site\/feedback-post\/2894-2\/\">Rosana<\/a><\/h4>\n            <\/div>\n          <\/div>          \n                  <div class=\"item\">\n            <div class=\"testimonial-item\">\n                            <p>Precisei mudar o meu sistema no final de 2018 e recebi indica\u00e7\u00e3o de que a Impulso Tecnologias, teria o sistema adequado e que poderia atender a minha necessidade.\r\n\r\nO sistema atende perfeitamente e tenho suporte r\u00e1pido e eficiente, quando preciso.<\/p>\n              <h4 class=\"author-name\"><a href=\"https:\/\/www.impulsoautomacao.com.br\/site\/feedback-post\/zenaide-emporio-catarina\/\">Zenaide<\/a><\/h4>\n            <\/div>\n          <\/div>          \n                  <div class=\"item\">\n            <div class=\"testimonial-item\">\n                            <p>Precis\u00e1vamos de uma empresa comprometida, n\u00e3o somente na hora da venda do servi\u00e7o, mas tamb\u00e9m na busca de resolver nossos problemas antes encontrados com outras solu\u00e7\u00f5es de software na regi\u00e3o. Encontramos no sistema Dynamis a solu\u00e7\u00e3o completa. Agradecemos a parceria com a Impulso Automa\u00e7\u00e3o &#8211; Fran Administradora Megamix<\/p>\n              <h4 class=\"author-name\"><a href=\"https:\/\/www.impulsoautomacao.com.br\/site\/feedback-post\/fran\/\">Fran<\/a><\/h4>\n            <\/div>\n          <\/div>          \n                  <div class=\"item\">\n            <div class=\"testimonial-item\">\n                            <p>Antes de conhecermos o Dynamis Confere nossa empresa fazia confer\u00eancia  manual das vendas em cart\u00f5es de cr\u00e9dito e d\u00e9bito era uma forma demorada e dif\u00edcil de fazer a confer\u00eancia  com a implanta\u00e7\u00e3o do sistema TEF adquirimos o sistema do Dynamis.<\/p>\n              <h4 class=\"author-name\"><a href=\"https:\/\/www.impulsoautomacao.com.br\/site\/feedback-post\/sheila\/\">Sheila<\/a><\/h4>\n            <\/div>\n          <\/div>          \n                  <div class=\"item\">\n            <div class=\"testimonial-item\">\n                            <p>Antes de conhecermos o Dynamis Confere o nosso sistema de confer\u00eancia era muito complexo. Possu\u00edmos 5 lojas e como a  confer\u00eancia era manual isso levava muito tempo e nem sempre os resultados eram exatos. <\/p>\n              <h4 class=\"author-name\"><a href=\"https:\/\/www.impulsoautomacao.com.br\/site\/feedback-post\/jamile-mafra\/\">Jamile Mafra<\/a><\/h4>\n            <\/div>\n          <\/div>          \n                  <div class=\"item\">\n            <div class=\"testimonial-item\">\n                            <p>Impulso Automa\u00e7\u00e3o tem um atendimento excelente, e desempenha um \u00f3timo trabalho promovendo a satisfa\u00e7\u00e3o plena de seus clientes. Seus colaboradores fazem jus ao sucesso da empresa que representam e com um grande lider \u00e0 frente, essa parceria j\u00e1 ultrapassa os 10 anos e com toda certeza continuara por mais 10 anos ou mais.<\/p>\n              <h4 class=\"author-name\"><a href=\"https:\/\/www.impulsoautomacao.com.br\/site\/feedback-post\/2577-2\/\">Beatriz Kalfels<\/a><\/h4>\n            <\/div>\n          <\/div>          \n                  <div class=\"item\">\n            <div class=\"testimonial-item\">\n                            <p>Trabalho com a Impulso a 20 anos, e sempre que preciso de um apoio sou bem atendido. O Sistema \u00e9 muito est\u00e1vel e atende perfeitamente nossa necessidade.<\/p>\n              <h4 class=\"author-name\"><a href=\"https:\/\/www.impulsoautomacao.com.br\/site\/feedback-post\/tironi\/\">Tironi<\/a><\/h4>\n            <\/div>\n          <\/div>          \n        \t\t\t      <\/div>\n\t    \t\t<\/div>\n\t\t\t<\/div>\n\t\t\t\t<\/div>\n\t\t\t\t\t\t<\/div>\n\t\t\t<\/div>\n\t\t<\/div>\n\t\t\t\t\t\t<\/div>\n\t\t\t<\/div>\n\t\t<\/section>\n\t\t\t\t<section class=\"elementor-element elementor-element-2984a9d elementor-section-boxed elementor-section-height-default elementor-section-height-default elementor-section elementor-top-section\" data-id=\"2984a9d\" data-element_type=\"section\">\n\t\t\t\t\t\t<div class=\"elementor-container elementor-column-gap-default\">\n\t\t\t\t<div class=\"elementor-row\">\n\t\t\t\t<div class=\"elementor-element elementor-element-6315e22 elementor-column elementor-col-100 elementor-top-column\" data-id=\"6315e22\" data-element_type=\"column\">\n\t\t\t<div class=\"elementor-column-wrap  elementor-element-populated\">\n\t\t\t\t\t<div class=\"elementor-widget-wrap\">\n\t\t\t\t<div class=\"elementor-element elementor-element-75df087 elementor-widget elementor-widget-vt-fame_section_title\" data-id=\"75df087\" data-element_type=\"widget\" data-widget_type=\"vt-fame_section_title.default\">\n\t\t\t\t<div class=\"elementor-widget-container\">\n\t\t\t<div class=\"section-title-wrap\"><h2 class=\"section-title\">Principais Clientes<\/h2><p>A Impulso inspira sucesso, veja abaixo\u00a0alguns dos principais clientes de sucesso e seja voc\u00ea tamb\u00e9m mais um cliente de sucesso, venha para Impulso!<\/p><\/div>\t\t<\/div>\n\t\t\t\t<\/div>\n\t\t\t\t<div class=\"elementor-element elementor-element-8cd17f3 elementor-widget elementor-widget-vt-fame_client\" data-id=\"8cd17f3\" data-element_type=\"widget\" data-widget_type=\"vt-fame_client.default\">\n\t\t\t\t<div class=\"elementor-widget-container\">\n\t\t\t<div class=\"fame-clients clients-style-two\"><div class=\"container\"><div class=\"client-item\"><div class=\"fame-image\"><img src=\"https:\/\/www.impulsoautomacao.com.br\/site\/wp-content\/uploads\/2019\/08\/colchoescenter-1.png\" alt=\"Colch\u00f5es Center\" style=\"width: 122px; height: 60px;\"><\/div><\/div><div class=\"client-item\"><div class=\"fame-image\"><img src=\"https:\/\/www.impulsoautomacao.com.br\/site\/wp-content\/uploads\/2019\/08\/CasaChina.png\" alt=\"Casa China\" style=\"width: 122px; height: 60px;\"><\/div><\/div><div class=\"client-item\"><div class=\"fame-image\"><img src=\"https:\/\/www.impulsoautomacao.com.br\/site\/wp-content\/uploads\/2019\/08\/reckiluz.png\" alt=\"Reckiluz\" style=\"width: 122px; height: 60px;\"><\/div><\/div><div class=\"client-item\"><div class=\"fame-image\"><img src=\"https:\/\/www.impulsoautomacao.com.br\/site\/wp-content\/uploads\/2019\/08\/MegaMix.png\" alt=\"Megamix\" style=\"width: 122px; height: 60px;\"><\/div><\/div><div class=\"client-item\"><div class=\"fame-image\"><img src=\"https:\/\/www.impulsoautomacao.com.br\/site\/wp-content\/uploads\/2019\/08\/saojose.png\" alt=\"Doceria S\u00e3o Jos\u00e9\" style=\"width: 122px; height: 60px;\"><\/div><\/div><\/div><\/div>\t\t<\/div>\n\t\t\t\t<\/div>\n\t\t\t\t\t\t<\/div>\n\t\t\t<\/div>\n\t\t<\/div>\n\t\t\t\t\t\t<\/div>\n\t\t\t<\/div>\n\t\t<\/section>\n\t\t\t\t\t\t<\/div>\n\t\t\t<\/div>\n\t\t<\/div>\n\t\t","protected":false},"excerpt":{"rendered":"A Impulso Fundada em 1978 a Impulso automa\u00e7\u00e3o oferece aos nossos clientes um software empresarial completo especializado na automa\u00e7\u00e3o comercial, fazendo que equipamento e software trabalhem integrados atendendo assim todas as legisla\u00e7\u00f5es e exig\u00eancias fiscais. Trabalhamos com foco no cliente, fornecendo inova\u00e7\u00e3o, qualidade e agilidade no processo comercial. Por meio de parcerias com empresas l\u00edderes&#8230;","protected":false},"author":1,"featured_media":0,"parent":0,"menu_order":0,"comment_status":"closed","ping_status":"closed","template":"","meta":[],"yst_prominent_words":[],"_links":{"self":[{"href":"https:\/\/www.impulsoautomacao.com.br\/site\/wp-json\/wp\/v2\/pages\/165"}],"collection":[{"href":"https:\/\/www.impulsoautomacao.com.br\/site\/wp-json\/wp\/v2\/pages"}],"about":[{"href":"https:\/\/www.impulsoautomacao.com.br\/site\/wp-json\/wp\/v2\/types\/page"}],"author":[{"embeddable":true,"href":"https:\/\/www.impulsoautomacao.com.br\/site\/wp-json\/wp\/v2\/users\/1"}],"replies":[{"embeddable":true,"href":"https:\/\/www.impulsoautomacao.com.br\/site\/wp-json\/wp\/v2\/comments?post=165"}],"version-history":[{"count":47,"href":"https:\/\/www.impulsoautomacao.com.br\/site\/wp-json\/wp\/v2\/pages\/165\/revisions"}],"predecessor-version":[{"id":2950,"href":"https:\/\/www.impulsoautomacao.com.br\/site\/wp-json\/wp\/v2\/pages\/165\/revisions\/2950"}],"wp:attachment":[{"href":"https:\/\/www.impulsoautomacao.com.br\/site\/wp-json\/wp\/v2\/media?parent=165"}],"wp:term":[{"taxonomy":"yst_prominent_words","embeddable":true,"href":"https:\/\/www.impulsoautomacao.com.br\/site\/wp-json\/wp\/v2\/yst_prominent_words?post=165"}],"curies":[{"name":"wp","href":"https:\/\/api.w.org\/{rel}","templated":true}]}}