{"id":140,"date":"2019-04-10T06:52:06","date_gmt":"2019-04-10T09:52:06","guid":{"rendered":"https:\/\/victorthemes.com\/themes\/fame\/home-copy\/"},"modified":"2023-02-13T13:24:54","modified_gmt":"2023-02-13T16:24:54","slug":"impulso-dynamis-software-de-automacao-comercial-joinville","status":"publish","type":"page","link":"https:\/\/www.impulsoautomacao.com.br\/site\/","title":{"rendered":"Home"},"content":{"rendered":"\t\t<div data-elementor-type=\"wp-page\" data-elementor-id=\"140\" class=\"elementor elementor-140\" data-elementor-settings=\"[]\">\n\t\t\t<div class=\"elementor-inner\">\n\t\t\t\t<div class=\"elementor-section-wrap\">\n\t\t\t\t\t\t\t<section class=\"elementor-element elementor-element-7731903 elementor-section-boxed elementor-section-height-default elementor-section-height-default elementor-section elementor-top-section\" data-id=\"7731903\" data-element_type=\"section\">\n\t\t\t\t\t\t<div class=\"elementor-container elementor-column-gap-default\">\n\t\t\t\t<div class=\"elementor-row\">\n\t\t\t\t<div class=\"elementor-element elementor-element-f6ea9b8 elementor-column elementor-col-100 elementor-top-column\" data-id=\"f6ea9b8\" data-element_type=\"column\">\n\t\t\t<div class=\"elementor-column-wrap  elementor-element-populated\">\n\t\t\t\t\t<div class=\"elementor-widget-wrap\">\n\t\t\t\t<div class=\"elementor-element elementor-element-fdde3af elementor-widget elementor-widget-heading\" data-id=\"fdde3af\" data-element_type=\"widget\" data-widget_type=\"heading.default\">\n\t\t\t\t<div class=\"elementor-widget-container\">\n\t\t\t<h2 class=\"elementor-heading-title elementor-size-default\">Conhe\u00e7a os Nossos Principais Servi\u00e7os<\/h2>\t\t<\/div>\n\t\t\t\t<\/div>\n\t\t\t\t\t\t<\/div>\n\t\t\t<\/div>\n\t\t<\/div>\n\t\t\t\t\t\t<\/div>\n\t\t\t<\/div>\n\t\t<\/section>\n\t\t\t\t<section class=\"elementor-element elementor-element-9eabc6f elementor-section-boxed elementor-section-height-default elementor-section-height-default elementor-section elementor-top-section\" data-id=\"9eabc6f\" data-element_type=\"section\">\n\t\t\t\t\t\t<div class=\"elementor-container elementor-column-gap-default\">\n\t\t\t\t<div class=\"elementor-row\">\n\t\t\t\t<div class=\"elementor-element elementor-element-38c6a33 elementor-column elementor-col-33 elementor-top-column\" data-id=\"38c6a33\" data-element_type=\"column\" data-settings=\"{&quot;background_background&quot;:&quot;classic&quot;}\">\n\t\t\t<div class=\"elementor-column-wrap  elementor-element-populated\">\n\t\t\t\t\t<div class=\"elementor-widget-wrap\">\n\t\t\t\t<div class=\"elementor-element elementor-element-67e7c64 elementor-invisible elementor-widget elementor-widget-vt-fame_services\" data-id=\"67e7c64\" data-element_type=\"widget\" data-settings=\"{&quot;service_image&quot;:{&quot;url&quot;:&quot;https:\\\/\\\/impulsoautomacao.com.br\\\/site\\\/wp-content\\\/uploads\\\/2019\\\/09\\\/Automa\\u00e7\\u00e3o.png&quot;,&quot;id&quot;:2793},&quot;_animation&quot;:&quot;fadeIn&quot;}\" data-widget_type=\"vt-fame_services.default\">\n\t\t\t\t<div class=\"elementor-widget-container\">\n\t\t\t<div class=\"service-item fame-item\"><div class=\"fame-image\"><img src=\"https:\/\/www.impulsoautomacao.com.br\/site\/wp-content\/uploads\/2019\/09\/Automa\u00e7\u00e3o-e1569520144686.png\" width=\"83\" alt=\"\"><\/div><h3 class=\"service-title\"><a href=\"https:\/\/impulsoautomacao.com.br\/site\/dynamis-automacao\/\"  >Dynamis ERP<\/a><\/h3><p>Software de automa\u00e7\u00e3o completo para administrar sua empresa, emitir cupons, notas e documentos fiscais.<\/p><\/div>\t\t<\/div>\n\t\t\t\t<\/div>\n\t\t\t\t\t\t<\/div>\n\t\t\t<\/div>\n\t\t<\/div>\n\t\t\t\t<div class=\"elementor-element elementor-element-cd7d372 elementor-column elementor-col-33 elementor-top-column\" data-id=\"cd7d372\" data-element_type=\"column\">\n\t\t\t<div class=\"elementor-column-wrap  elementor-element-populated\">\n\t\t\t\t\t<div class=\"elementor-widget-wrap\">\n\t\t\t\t<div class=\"elementor-element elementor-element-b3c28fa elementor-widget elementor-widget-vt-fame_services\" data-id=\"b3c28fa\" data-element_type=\"widget\" data-settings=\"{&quot;service_image&quot;:{&quot;url&quot;:&quot;https:\\\/\\\/impulsoautomacao.com.br\\\/site\\\/wp-content\\\/uploads\\\/2019\\\/09\\\/Confere.png&quot;,&quot;id&quot;:2794}}\" data-widget_type=\"vt-fame_services.default\">\n\t\t\t\t<div class=\"elementor-widget-container\">\n\t\t\t<div class=\"service-item fame-item\"><div class=\"fame-image\"><img src=\"https:\/\/www.impulsoautomacao.com.br\/site\/wp-content\/uploads\/2019\/09\/Confere.png\" width=\"83\" alt=\"\"><\/div><h3 class=\"service-title\"><a href=\"https:\/\/impulsoautomacao.com.br\/site\/dynamis-confere\/\"  >Dynamis Confere<\/a><\/h3><p>Concilie todas as suas vendas feitas nos cart\u00f5es de cr\u00e9dito, integre todas as suas m\u00e1quinas no mesmo painel.<\/p><\/div>\t\t<\/div>\n\t\t\t\t<\/div>\n\t\t\t\t\t\t<\/div>\n\t\t\t<\/div>\n\t\t<\/div>\n\t\t\t\t<nav class=\"elementor-element elementor-element-2d9fb9b elementor-column elementor-col-33 elementor-top-column\" data-id=\"2d9fb9b\" data-element_type=\"column\">\n\t\t\t<div class=\"elementor-column-wrap  elementor-element-populated\">\n\t\t\t\t\t<div class=\"elementor-widget-wrap\">\n\t\t\t\t<div class=\"elementor-element elementor-element-5c1c248 elementor-widget elementor-widget-vt-fame_services\" data-id=\"5c1c248\" data-element_type=\"widget\" data-settings=\"{&quot;service_image&quot;:{&quot;url&quot;:&quot;https:\\\/\\\/impulsoautomacao.com.br\\\/site\\\/wp-content\\\/uploads\\\/2019\\\/09\\\/Ecommerce-5.png&quot;,&quot;id&quot;:2795}}\" data-widget_type=\"vt-fame_services.default\">\n\t\t\t\t<div class=\"elementor-widget-container\">\n\t\t\t<div class=\"service-item fame-item\"><div class=\"fame-image\"><img src=\"https:\/\/www.impulsoautomacao.com.br\/site\/wp-content\/uploads\/2019\/09\/Ecommerce-5.png\" width=\"83\" alt=\"\"><\/div><h3 class=\"service-title\"><a href=\"https:\/\/impulsoautomacao.com.br\/site\/dynamis-ecommerce\/\"  >Dynamis E-commerce<\/a><\/h3><p>Solu\u00e7\u00e3o para vender os seus produtos na internet com uma plataforma de e-commerce completa e robusta.<\/p><\/div>\t\t<\/div>\n\t\t\t\t<\/div>\n\t\t\t\t\t\t<\/div>\n\t\t\t<\/div>\n\t\t<\/nav>\n\t\t\t\t\t\t<\/div>\n\t\t\t<\/div>\n\t\t<\/section>\n\t\t\t\t<section class=\"elementor-element elementor-element-6fdf728 elementor-section-stretched elementor-section-content-middle elementor-section-boxed elementor-section-height-default elementor-section-height-default elementor-section elementor-top-section\" data-id=\"6fdf728\" data-element_type=\"section\" data-settings=\"{&quot;stretch_section&quot;:&quot;section-stretched&quot;,&quot;background_background&quot;:&quot;classic&quot;}\">\n\t\t\t\t\t\t<div class=\"elementor-container elementor-column-gap-default\">\n\t\t\t\t<div class=\"elementor-row\">\n\t\t\t\t<div class=\"elementor-element elementor-element-c46d743 elementor-column elementor-col-50 elementor-top-column\" data-id=\"c46d743\" data-element_type=\"column\">\n\t\t\t<div class=\"elementor-column-wrap  elementor-element-populated\">\n\t\t\t\t\t<div class=\"elementor-widget-wrap\">\n\t\t\t\t<div class=\"elementor-element elementor-element-5941dcf elementor-widget elementor-widget-html\" data-id=\"5941dcf\" data-element_type=\"widget\" data-widget_type=\"html.default\">\n\t\t\t\t<div class=\"elementor-widget-container\">\n\t\t\t<!-- START Widget WhastApp hospedagemwordpresspro -->\r\n<a href=\"https:\/\/api.whatsapp.com\/send?phone=5547999640395&text=Ol%C3%A1,%20estou%20no%20site,%20gostaria%20de%20mais%20informa%C3%A7%C3%B5es.\" class=\"bt-whatsApp\" target=\"_blank\" style=\"left:25px; position:fixed;width:60px;height:60px;bottom:40px;z-index:100;\">\r\n<img src=\"data:image\/svg+xml;base64,PD94bWwgdmVyc2lvbj0iMS4wIiA\/Pjxzdmcgdmlld0JveD0iMjYxOSA1MDYgMTIwIDEyMCIgeG1sbnM9Imh0dHA6Ly93d3cudzMub3JnLzIwMDAvc3ZnIj48ZGVmcz48c3R5bGU+CiAgICAgIC5jbHMtMSB7CiAgICAgICAgZmlsbDogIzI3ZDA0NTsKICAgICAgfQoKICAgICAgLmNscy0yLCAuY2xzLTUgewogICAgICAgIGZpbGw6IG5vbmU7CiAgICAgIH0KCiAgICAgIC5jbHMtMiB7CiAgICAgICAgc3Ryb2tlOiAjZmZmOwogICAgICAgIHN0cm9rZS13aWR0aDogNXB4OwogICAgICB9CgogICAgICAuY2xzLTMgewogICAgICAgIGZpbGw6ICNmZmY7CiAgICAgIH0KCiAgICAgIC5jbHMtNCB7CiAgICAgICAgc3Ryb2tlOiBub25lOwogICAgICB9CiAgICA8L3N0eWxlPjwvZGVmcz48ZyBkYXRhLW5hbWU9Ikdyb3VwIDM2IiBpZD0iR3JvdXBfMzYiIHRyYW5zZm9ybT0idHJhbnNsYXRlKDIzMDAgNzMpIj48Y2lyY2xlIGNsYXNzPSJjbHMtMSIgY3g9IjYwIiBjeT0iNjAiIGRhdGEtbmFtZT0iRWxsaXBzZSAxOCIgaWQ9IkVsbGlwc2VfMTgiIHI9IjYwIiB0cmFuc2Zvcm09InRyYW5zbGF0ZSgzMTkgNDMzKSIvPjxnIGRhdGEtbmFtZT0iR3JvdXAgMzUiIGlkPSJHcm91cF8zNSIgdHJhbnNmb3JtPSJ0cmFuc2xhdGUoMjU0IDM4NikiPjxnIGRhdGEtbmFtZT0iR3JvdXAgMzQiIGlkPSJHcm91cF8zNCI+PGcgY2xhc3M9ImNscy0yIiBkYXRhLW5hbWU9IkVsbGlwc2UgMTkiIGlkPSJFbGxpcHNlXzE5IiB0cmFuc2Zvcm09InRyYW5zbGF0ZSg5NCA3NSkiPjxjaXJjbGUgY2xhc3M9ImNscy00IiBjeD0iMzEuNSIgY3k9IjMxLjUiIHI9IjMxLjUiLz48Y2lyY2xlIGNsYXNzPSJjbHMtNSIgY3g9IjMxLjUiIGN5PSIzMS41IiByPSIyOSIvPjwvZz48cGF0aCBjbGFzcz0iY2xzLTMiIGQ9Ik0xNDI0LDE5MWwtNC42LDE2LjMsMTYuOS00LjcuOS01LjItMTEsMy41LDIuOS0xMC41WiIgZGF0YS1uYW1lPSJQYXRoIDEyNiIgaWQ9IlBhdGhfMTI2IiB0cmFuc2Zvcm09InRyYW5zbGF0ZSgtMTMyNSAtNjgpIi8+PHBhdGggY2xhc3M9ImNscy0xIiBkPSJNMTI2Niw5MGMwLS4xLDMuNS0xMS43LDMuNS0xMS43bDguNCw3LjlaIiBkYXRhLW5hbWU9IlBhdGggMTI3IiBpZD0iUGF0aF8xMjciIHRyYW5zZm9ybT0idHJhbnNsYXRlKC0xMTY1IDQzKSIvPjwvZz48cGF0aCBjbGFzcz0iY2xzLTMiIGQ9Ik0xNDM5LjMsMTYwLjZhOS40LDkuNCwwLDAsMC0zLjksNi4xYy0uNSwzLjksMS45LDcuOSwxLjksNy45YTUwLjg3Niw1MC44NzYsMCwwLDAsOC42LDkuOCwzMC4xODEsMzAuMTgxLDAsMCwwLDkuNiw1LjEsMTEuMzc4LDExLjM3OCwwLDAsMCw2LjQuNiw5LjE2Nyw5LjE2NywwLDAsMCw0LjgtMy4yLDkuODUxLDkuODUxLDAsMCwwLC42LTIuMiw1Ljg2OCw1Ljg2OCwwLDAsMCwwLTJjLS4xLS43LTcuMy00LTgtMy44cy0xLjMsMS41LTIuMSwyLjYtMS4xLDEuNi0xLjksMS42LTQuMy0xLjQtNy42LTQuNGExNS44NzUsMTUuODc1LDAsMCwxLTQuMy02cy42LS43LDEuNC0xLjhhNS42NjQsNS42NjQsMCwwLDAsMS4zLTIuNGMwLS41LTIuOC03LjYtMy41LTcuOUExMS44NTIsMTEuODUyLDAsMCwwLDE0MzkuMywxNjAuNloiIGRhdGEtbmFtZT0iUGF0aCAxMjgiIGlkPSJQYXRoXzEyOCIgdHJhbnNmb3JtPSJ0cmFuc2xhdGUoLTEzMjYuMzMyIC02OC40NjcpIi8+PC9nPjwvZz48L3N2Zz4=\" alt=\"\" width=\"60px\">\r\n<\/a>\r\n<span id=\"alertWapp\" style=\"left:30px; visibility: hidden; position:fixed;\twidth:17px;\theight:17px;bottom:90px; background:red;z-index:101; font-size:11px;color:#fff;text-align:center;border-radius: 50px; font-weight:bold;line-height: normal; \"> 1 <\/span>\r\n<div id=\"msg1\" style=\"left: 90px; visibility: visible; background: #fff; color: #000; position: fixed; width: 200px; bottom: 52px; text-align: center; font-size: 13px; line-height: 31px; height: 32px; border-radius: 100px; z-index: 100;border: 1px solid #ccc; \">Precisa de um or\u00e7amento?<\/div>\r\n<script type=\"text\/javascript\">function showIt2() {document.getElementById(\"msg1\").style.visibility = \"visible\";}    setTimeout(\"showIt2()\", 5000); function hiddenIt() {document.getElementById(\"msg1\").style.visibility = \"hidden\";}setTimeout(\"hiddenIt()\", 15000); function showIt3() {document.getElementById(\"msg1\").style.visibility = \"visible\";} setTimeout(\"showIt3()\", 25000);  msg1.onclick = function() {document.getElementById('msg1').style.visibility = \"hidden\"; };function alertW() { document.getElementById(\"alertWapp\").style.visibility = \"visible\";\t} setTimeout(\"alertW()\", 15000); <\/script>\r\n<!-- END Widget WhastApp -->\r\n\t\t<\/div>\n\t\t\t\t<\/div>\n\t\t\t\t<div class=\"elementor-element elementor-element-bd794a6 elementor-widget elementor-widget-vt-fame_section_title\" data-id=\"bd794a6\" data-element_type=\"widget\" data-widget_type=\"vt-fame_section_title.default\">\n\t\t\t\t<div class=\"elementor-widget-container\">\n\t\t\t<div class=\"section-title-wrap\"><h2 class=\"section-title\">Integre todas as suas vendas com cart\u00e3o e fa\u00e7a a concilia\u00e7\u00e3o banc\u00e1ria, de taxas e cart\u00f5es em um \u00fanico lugar.<\/h2><h4><span style=\"color: #ffffff;\">Confere \u00e9 o conciliador de cart\u00f5es preferido das pequenas e m\u00e9dias empresas. Fuja das planilhas e livre-se da dor de cabe\u00e7a do controle das vendas com cart\u00e3o.<\/span><\/h4><\/div>\t\t<\/div>\n\t\t\t\t<\/div>\n\t\t\t\t<div class=\"elementor-element elementor-element-af6c5d3 elementor-widget elementor-widget-vt-fame_button\" data-id=\"af6c5d3\" data-element_type=\"widget\" data-widget_type=\"vt-fame_button.default\">\n\t\t\t\t<div class=\"elementor-widget-container\">\n\t\t\t<div class=\"fame-btn-wraper\"><a href=\"https:\/\/impulsoautomacao.com.br\/site\/dynamis-confere\/\"   class=\"fame-btn fame-blue-btn\">CONHE\u00c7A O DYNAMIS CONFERE<\/a><\/div>\t\t<\/div>\n\t\t\t\t<\/div>\n\t\t\t\t\t\t<\/div>\n\t\t\t<\/div>\n\t\t<\/div>\n\t\t\t\t<div class=\"elementor-element elementor-element-02fd7b5 elementor-column elementor-col-50 elementor-top-column\" data-id=\"02fd7b5\" data-element_type=\"column\">\n\t\t\t<div class=\"elementor-column-wrap  elementor-element-populated\">\n\t\t\t\t\t<div class=\"elementor-widget-wrap\">\n\t\t\t\t<div class=\"elementor-element elementor-element-d8282fd elementor-widget elementor-widget-vt-fame_image\" data-id=\"d8282fd\" data-element_type=\"widget\" data-widget_type=\"vt-fame_image.default\">\n\t\t\t\t<div class=\"elementor-widget-container\">\n\t\t\t<div class=\"fame-image fame-image-no-animation\">\n\t                <div class=\"fame-image-wrap\"><img src=\"https:\/\/www.impulsoautomacao.com.br\/site\/wp-content\/uploads\/2019\/08\/hero-img-13.png\" alt=\"Fame\"><\/div>\n\t              <\/div>\t\t<\/div>\n\t\t\t\t<\/div>\n\t\t\t\t\t\t<\/div>\n\t\t\t<\/div>\n\t\t<\/div>\n\t\t\t\t\t\t<\/div>\n\t\t\t<\/div>\n\t\t<\/section>\n\t\t\t\t<section class=\"elementor-element elementor-element-a070fd8 elementor-section-stretched elementor-section-full_width elementor-section-height-default elementor-section-height-default elementor-section elementor-top-section\" data-id=\"a070fd8\" data-element_type=\"section\" data-settings=\"{&quot;stretch_section&quot;:&quot;section-stretched&quot;}\">\n\t\t\t\t\t\t<div class=\"elementor-container elementor-column-gap-default\">\n\t\t\t\t<div class=\"elementor-row\">\n\t\t\t\t<div class=\"elementor-element elementor-element-02d4419 elementor-column elementor-col-100 elementor-top-column\" data-id=\"02d4419\" data-element_type=\"column\">\n\t\t\t<div class=\"elementor-column-wrap  elementor-element-populated\">\n\t\t\t\t\t<div class=\"elementor-widget-wrap\">\n\t\t\t\t<div class=\"elementor-element elementor-element-44d09bc elementor-widget elementor-widget-vt-fame_section_title\" data-id=\"44d09bc\" data-element_type=\"widget\" data-widget_type=\"vt-fame_section_title.default\">\n\t\t\t\t<div class=\"elementor-widget-container\">\n\t\t\t<div class=\"section-title-wrap\"><h2 class=\"section-title\">Confiam na gente<\/h2><\/div>\t\t<\/div>\n\t\t\t\t<\/div>\n\t\t\t\t<div class=\"elementor-element elementor-element-2b4782d elementor-widget elementor-widget-vt-fame_testimonial_carousel\" data-id=\"2b4782d\" data-element_type=\"widget\" data-widget_type=\"vt-fame_testimonial_carousel.default\">\n\t\t\t\t<div class=\"elementor-widget-container\">\n\t\t\t\t\t<div class=\"fame-testimonials testimonial-style-two\">\n\t    <div class=\"container\">\n\t    \t    <div class=\"testimonial-wrap\">\n        <div class=\"owl-carousel\"  data-loop=\"true\"  data-items=\"1\"  data-margin=\"30\"  data-dots=\"false\"  data-nav=\"true\"  data-autoplay-timeout=\"5000\"    data-mouse-drag=\"true\"    data-items-tablet=\"1\"  data-items-mobile-landscape=\"1\"  data-items-mobile-portrait=\"1\">\n\t    \t\t\t\t\t\n\t\t\t\t          <div class=\"item\">\n                        <div class=\"fame-icon\"><img src=\"https:\/\/impulsoautomacao.com.br\/site\/wp-content\/uploads\/2019\/10\/Amacio.jpeg\" alt=\"Karine Am\u00e2ncio\"><\/div>\n                        <div class=\"testimonial-info\">\n              <p>Antes de conhecermos o Dynamis ERP, contratamos um software que nos deixou muito a desejar ficando abaixo das expectativas contratadas.\r\nFoi a\u00ed que pesquisamos, varias empresas pra nos fornecer n\u00e3o s\u00f3 o servi\u00e7o e sim suporte!<\/p>\n            <\/div>\n            <h4 class=\"author-name\"><a href=\"https:\/\/www.impulsoautomacao.com.br\/site\/feedback-post\/karine-amancio\/\">Karine Am\u00e2ncio<\/a>, <span class=\"author-designation\">Gerente<\/span><\/h4>\n          <\/div>\n                  <div class=\"item\">\n                        <div class=\"fame-icon\"><img src=\"https:\/\/impulsoautomacao.com.br\/site\/wp-content\/uploads\/2019\/09\/Target.jpeg\" alt=\"Rosana\"><\/div>\n                        <div class=\"testimonial-info\">\n              <p>Ol\u00e1, Meu nome \u00e9 Rosana s\u00f3cia da empresa Target Ferramentaria, estamos com o sistema Dynamis NFe desde maio 2019.\r\nEstamos gostando muito do sistema pois \u00e9 f\u00e1cil de manusear e de compreender.\r\nO suporte \u00e9 nota 10, pois sempre que preciso de ajuda eles me atendem de forma r\u00e1pida e pr\u00e1tica.\r\nJ\u00e1 trabalhei com outros sistemas e sem d\u00favida o Dynamis NFe est\u00e1 sendo o melhor.<\/p>\n            <\/div>\n            <h4 class=\"author-name\"><a href=\"https:\/\/www.impulsoautomacao.com.br\/site\/feedback-post\/2894-2\/\">Rosana<\/a>, <span class=\"author-designation\">S\u00f3cia<\/span><\/h4>\n          <\/div>\n                  <div class=\"item\">\n                        <div class=\"fame-icon\"><img src=\"https:\/\/impulsoautomacao.com.br\/site\/wp-content\/uploads\/2019\/09\/Adesivo-Fundo-Verde-Escuro.jpeg\" alt=\"Zenaide\"><\/div>\n                        <div class=\"testimonial-info\">\n              <p>Precisei mudar o meu sistema no final de 2018 e recebi indica\u00e7\u00e3o de que a Impulso Tecnologias, teria o sistema adequado e que poderia atender a minha necessidade.\r\n\r\nO sistema atende perfeitamente e tenho suporte r\u00e1pido e eficiente, quando preciso.<\/p>\n            <\/div>\n            <h4 class=\"author-name\"><a href=\"https:\/\/www.impulsoautomacao.com.br\/site\/feedback-post\/zenaide-emporio-catarina\/\">Zenaide<\/a>, <span class=\"author-designation\">Administradora<\/span><\/h4>\n          <\/div>\n                  <div class=\"item\">\n                        <div class=\"fame-icon\"><img src=\"https:\/\/impulsoautomacao.com.br\/site\/wp-content\/uploads\/2019\/08\/MegaMix.png\" alt=\"Fran\"><\/div>\n                        <div class=\"testimonial-info\">\n              <p>Precis\u00e1vamos de uma empresa comprometida, n\u00e3o somente na hora da venda do servi\u00e7o, mas tamb\u00e9m na busca de resolver nossos problemas antes encontrados com outras solu\u00e7\u00f5es de software na regi\u00e3o. Encontramos no sistema Dynamis a solu\u00e7\u00e3o completa. Agradecemos a parceria com a Impulso Automa\u00e7\u00e3o &#8211; Fran Administradora Megamix<\/p>\n            <\/div>\n            <h4 class=\"author-name\"><a href=\"https:\/\/www.impulsoautomacao.com.br\/site\/feedback-post\/fran\/\">Fran<\/a>, <span class=\"author-designation\">Administradora<\/span><\/h4>\n          <\/div>\n                  <div class=\"item\">\n                        <div class=\"fame-icon\"><img src=\"https:\/\/impulsoautomacao.com.br\/site\/wp-content\/uploads\/2019\/09\/farmacia-coradelli-150019-Gsm71-e1567533748376.jpg\" alt=\"Sheila\"><\/div>\n                        <div class=\"testimonial-info\">\n              <p>Antes de conhecermos o Dynamis Confere nossa empresa fazia confer\u00eancia  manual das vendas em cart\u00f5es de cr\u00e9dito e d\u00e9bito era uma forma demorada e dif\u00edcil de fazer a confer\u00eancia  com a implanta\u00e7\u00e3o do sistema TEF adquirimos o sistema do Dynamis.<\/p>\n            <\/div>\n            <h4 class=\"author-name\"><a href=\"https:\/\/www.impulsoautomacao.com.br\/site\/feedback-post\/sheila\/\">Sheila<\/a>, <span class=\"author-designation\">Assistente Administrativo<\/span><\/h4>\n          <\/div>\n                  <div class=\"item\">\n                        <div class=\"fame-icon\"><img src=\"https:\/\/impulsoautomacao.com.br\/site\/wp-content\/uploads\/2019\/09\/logo_final1-e1567533270112.jpg\" alt=\"Jamile Mafra\"><\/div>\n                        <div class=\"testimonial-info\">\n              <p>Antes de conhecermos o Dynamis Confere o nosso sistema de confer\u00eancia era muito complexo. Possu\u00edmos 5 lojas e como a  confer\u00eancia era manual isso levava muito tempo e nem sempre os resultados eram exatos. <\/p>\n            <\/div>\n            <h4 class=\"author-name\"><a href=\"https:\/\/www.impulsoautomacao.com.br\/site\/feedback-post\/jamile-mafra\/\">Jamile Mafra<\/a>, <span class=\"author-designation\">Financeiro<\/span><\/h4>\n          <\/div>\n                  <div class=\"item\">\n                        <div class=\"fame-icon\"><img src=\"https:\/\/impulsoautomacao.com.br\/site\/wp-content\/uploads\/2019\/09\/LOGO-KALFELS-PDF.png\" alt=\"Beatriz Kalfels\"><\/div>\n                        <div class=\"testimonial-info\">\n              <p>Impulso Automa\u00e7\u00e3o tem um atendimento excelente, e desempenha um \u00f3timo trabalho promovendo a satisfa\u00e7\u00e3o plena de seus clientes. Seus colaboradores fazem jus ao sucesso da empresa que representam e com um grande lider \u00e0 frente, essa parceria j\u00e1 ultrapassa os 10 anos e com toda certeza continuara por mais 10 anos ou mais.<\/p>\n            <\/div>\n            <h4 class=\"author-name\"><a href=\"https:\/\/www.impulsoautomacao.com.br\/site\/feedback-post\/2577-2\/\">Beatriz Kalfels<\/a>, <span class=\"author-designation\">S\u00f3cia Administrativa<\/span><\/h4>\n          <\/div>\n                  <div class=\"item\">\n                        <div class=\"fame-icon\"><img src=\"https:\/\/impulsoautomacao.com.br\/site\/wp-content\/uploads\/2019\/08\/colchoescenter-1.png\" alt=\"Tironi\"><\/div>\n                        <div class=\"testimonial-info\">\n              <p>Trabalho com a Impulso a 20 anos, e sempre que preciso de um apoio sou bem atendido. O Sistema \u00e9 muito est\u00e1vel e atende perfeitamente nossa necessidade.<\/p>\n            <\/div>\n            <h4 class=\"author-name\"><a href=\"https:\/\/www.impulsoautomacao.com.br\/site\/feedback-post\/tironi\/\">Tironi<\/a>, <span class=\"author-designation\">S\u00f3cio Fundador<\/span><\/h4>\n          <\/div>\n        \t\t\t\t      <\/div>\n\t    <\/div>\n\t    \t\t<\/div>\n\t\t\t<\/div>\n\t\t\t\t<\/div>\n\t\t\t\t\t\t<\/div>\n\t\t\t<\/div>\n\t\t<\/div>\n\t\t\t\t\t\t<\/div>\n\t\t\t<\/div>\n\t\t<\/section>\n\t\t\t\t<section class=\"elementor-element elementor-element-1478661 elementor-section-boxed elementor-section-height-default elementor-section-height-default elementor-section elementor-top-section\" data-id=\"1478661\" data-element_type=\"section\">\n\t\t\t\t\t\t<div class=\"elementor-container elementor-column-gap-default\">\n\t\t\t\t<div class=\"elementor-row\">\n\t\t\t\t<div class=\"elementor-element elementor-element-fafa2fe elementor-column elementor-col-100 elementor-top-column\" data-id=\"fafa2fe\" data-element_type=\"column\">\n\t\t\t<div class=\"elementor-column-wrap  elementor-element-populated\">\n\t\t\t\t\t<div class=\"elementor-widget-wrap\">\n\t\t\t\t<div class=\"elementor-element elementor-element-66c40d1 elementor-widget elementor-widget-vt-fame_client\" data-id=\"66c40d1\" data-element_type=\"widget\" data-widget_type=\"vt-fame_client.default\">\n\t\t\t\t<div class=\"elementor-widget-container\">\n\t\t\t<div class=\"fame-clients\"><div class=\"container\"><div class=\"owl-carousel\"  data-loop=\"true\" data-items=\"5\" data-margin=\"20\" data-dots=\"false\" data-nav=\"false\" data-autoplay-timeout=\"5000\" data-autoplay=\"true\" data-mouse-drag=\"true\" data-items-tablet=\"3\" data-items-mobile-landscape=\"2\" data-items-mobile-portrait=\"1\"><div class=\"item\"><div class=\"client-item\"><div class=\"fame-image\"><img src=\"https:\/\/www.impulsoautomacao.com.br\/site\/wp-content\/uploads\/2019\/08\/saojose.png\" alt=\"Doceria S\u00e3o Jos\u00e9\" style=\"width: 122px; height: 60px;\"><\/div><\/div><\/div><div class=\"item\"><div class=\"client-item\"><div class=\"fame-image\"><img src=\"https:\/\/www.impulsoautomacao.com.br\/site\/wp-content\/uploads\/2019\/08\/colchoescenter-1.png\" alt=\"Colch\u00f5es Center\" style=\"width: 122px; height: 60px;\"><\/div><\/div><\/div><div class=\"item\"><div class=\"client-item\"><div class=\"fame-image\"><img src=\"https:\/\/www.impulsoautomacao.com.br\/site\/wp-content\/uploads\/2019\/08\/reckiluz.png\" alt=\"Reckiluz\" style=\"width: 122px; height: 60px;\"><\/div><\/div><\/div><div class=\"item\"><div class=\"client-item\"><div class=\"fame-image\"><img src=\"https:\/\/www.impulsoautomacao.com.br\/site\/wp-content\/uploads\/2019\/08\/CasaChina.png\" alt=\"Casa China\" style=\"width: 122px; height: 60px;\"><\/div><\/div><\/div><div class=\"item\"><div class=\"client-item\"><div class=\"fame-image\"><img src=\"https:\/\/www.impulsoautomacao.com.br\/site\/wp-content\/uploads\/2019\/08\/MegaMix.png\" alt=\"MegaMix\" style=\"width: 122px; height: 60px;\"><\/div><\/div><\/div><\/div><\/div><\/div>\t\t<\/div>\n\t\t\t\t<\/div>\n\t\t\t\t\t\t<\/div>\n\t\t\t<\/div>\n\t\t<\/div>\n\t\t\t\t\t\t<\/div>\n\t\t\t<\/div>\n\t\t<\/section>\n\t\t\t\t\t\t<\/div>\n\t\t\t<\/div>\n\t\t<\/div>\n\t\t","protected":false},"excerpt":{"rendered":"Conhe\u00e7a os Nossos Principais Servi\u00e7os Dynamis ERP Software de automa\u00e7\u00e3o completo para administrar sua empresa, emitir cupons, notas e documentos fiscais. Dynamis Confere Concilie todas as suas vendas feitas nos cart\u00f5es de cr\u00e9dito, integre todas as suas m\u00e1quinas no mesmo painel. Dynamis E-commerce Solu\u00e7\u00e3o para vender os seus produtos na internet com uma plataforma de&#8230;","protected":false},"author":1,"featured_media":0,"parent":0,"menu_order":0,"comment_status":"closed","ping_status":"closed","template":"","meta":[],"yst_prominent_words":[172,178,164,176,180,166,162,167,163,193,171,175,174,179,173,169,168,170,177,165],"_links":{"self":[{"href":"https:\/\/www.impulsoautomacao.com.br\/site\/wp-json\/wp\/v2\/pages\/140"}],"collection":[{"href":"https:\/\/www.impulsoautomacao.com.br\/site\/wp-json\/wp\/v2\/pages"}],"about":[{"href":"https:\/\/www.impulsoautomacao.com.br\/site\/wp-json\/wp\/v2\/types\/page"}],"author":[{"embeddable":true,"href":"https:\/\/www.impulsoautomacao.com.br\/site\/wp-json\/wp\/v2\/users\/1"}],"replies":[{"embeddable":true,"href":"https:\/\/www.impulsoautomacao.com.br\/site\/wp-json\/wp\/v2\/comments?post=140"}],"version-history":[{"count":203,"href":"https:\/\/www.impulsoautomacao.com.br\/site\/wp-json\/wp\/v2\/pages\/140\/revisions"}],"predecessor-version":[{"id":3021,"href":"https:\/\/www.impulsoautomacao.com.br\/site\/wp-json\/wp\/v2\/pages\/140\/revisions\/3021"}],"wp:attachment":[{"href":"https:\/\/www.impulsoautomacao.com.br\/site\/wp-json\/wp\/v2\/media?parent=140"}],"wp:term":[{"taxonomy":"yst_prominent_words","embeddable":true,"href":"https:\/\/www.impulsoautomacao.com.br\/site\/wp-json\/wp\/v2\/yst_prominent_words?post=140"}],"curies":[{"name":"wp","href":"https:\/\/api.w.org\/{rel}","templated":true}]}}